{"id":543,"date":"2021-03-12T10:11:39","date_gmt":"2021-03-12T10:11:39","guid":{"rendered":"https:\/\/levrybalkin.com.a6.abuco.cz\/?page_id=543"},"modified":"2021-06-10T11:29:29","modified_gmt":"2021-06-10T11:29:29","slug":"yamaha","status":"publish","type":"page","link":"https:\/\/levrybalkin.com\/en\/photos\/yamaha\/","title":{"rendered":"Yamaha"},"content":{"rendered":"<style type=\"text\/css\">\n#foogallery-gallery-542 .fg-image { width: 210px; }\n#foogallery-gallery-542 { --fg-gutter: 25px; }<\/style>\n\t\t\t<div class=\"foogallery foogallery-container foogallery-default foogallery-lightbox-foobox fg-center fg-default fg-ready fg-light fg-shadow-outline fg-loading-bars fg-loaded-fade-in fg-caption-hover fg-hover-fade fg-hover-zoom\" id=\"foogallery-gallery-542\" data-foogallery=\"{&quot;item&quot;:{&quot;showCaptionTitle&quot;:true,&quot;showCaptionDescription&quot;:true},&quot;lazy&quot;:true}\" style=\"--fg-title-line-clamp: 0; --fg-description-line-clamp: 0;\" >\n\t<div class=\"fg-item fg-type-image fg-idle\"><figure class=\"fg-item-inner\"><a href=\"https:\/\/levrybalkin.com\/wp-content\/uploads\/2021\/03\/Yamaha-2.jpg\" data-attachment-id=\"316\" data-type=\"image\" class=\"fg-thumb\"><span class=\"fg-image-wrap\"><img decoding=\"async\" alt=\"people\" width=\"210\" height=\"210\" class=\"skip-lazy fg-image\" data-src-fg=\"https:\/\/levrybalkin.com\/wp-content\/uploads\/cache\/2021\/03\/Yamaha-2\/4253060880.jpg\" src=\"data:image\/svg+xml,%3Csvg%20xmlns%3D%22http%3A%2F%2Fwww.w3.org%2F2000%2Fsvg%22%20width%3D%22210%22%20height%3D%22210%22%20viewBox%3D%220%200%20210%20210%22%3E%3C%2Fsvg%3E\" loading=\"eager\"><\/span><span class=\"fg-image-overlay\"><\/span><\/a><\/figure><div class=\"fg-loader\"><\/div><\/div><div class=\"fg-item fg-type-image fg-idle\"><figure class=\"fg-item-inner\"><a href=\"https:\/\/levrybalkin.com\/wp-content\/uploads\/2021\/03\/Yamaha-1.jpg\" data-attachment-id=\"315\" data-type=\"image\" class=\"fg-thumb\"><span class=\"fg-image-wrap\"><img decoding=\"async\" alt=\"lev\" width=\"210\" height=\"210\" class=\"skip-lazy fg-image\" data-src-fg=\"https:\/\/levrybalkin.com\/wp-content\/uploads\/cache\/2021\/03\/Yamaha-1\/1040534339.jpg\" src=\"data:image\/svg+xml,%3Csvg%20xmlns%3D%22http%3A%2F%2Fwww.w3.org%2F2000%2Fsvg%22%20width%3D%22210%22%20height%3D%22210%22%20viewBox%3D%220%200%20210%20210%22%3E%3C%2Fsvg%3E\" loading=\"eager\"><\/span><span class=\"fg-image-overlay\"><\/span><\/a><\/figure><div class=\"fg-loader\"><\/div><\/div><div class=\"fg-item fg-type-image fg-idle\"><figure class=\"fg-item-inner\"><a href=\"https:\/\/levrybalkin.com\/wp-content\/uploads\/2022\/05\/LevRybalkin-1.jpg\" data-attachment-id=\"1333\" data-type=\"image\" class=\"fg-thumb\"><span class=\"fg-image-wrap\"><img decoding=\"async\" width=\"210\" height=\"210\" class=\"skip-lazy fg-image\" data-src-fg=\"https:\/\/levrybalkin.com\/wp-content\/uploads\/cache\/2022\/05\/LevRybalkin-1\/921903253.jpg\" src=\"data:image\/svg+xml,%3Csvg%20xmlns%3D%22http%3A%2F%2Fwww.w3.org%2F2000%2Fsvg%22%20width%3D%22210%22%20height%3D%22210%22%20viewBox%3D%220%200%20210%20210%22%3E%3C%2Fsvg%3E\" loading=\"eager\"><\/span><span class=\"fg-image-overlay\"><\/span><\/a><\/figure><div class=\"fg-loader\"><\/div><\/div><div class=\"fg-item fg-type-image fg-idle\"><figure class=\"fg-item-inner\"><a href=\"https:\/\/levrybalkin.com\/wp-content\/uploads\/2022\/05\/217A9549.jpg\" data-attachment-id=\"1362\" data-type=\"image\" class=\"fg-thumb\"><span class=\"fg-image-wrap\"><img decoding=\"async\" width=\"210\" height=\"210\" class=\"skip-lazy fg-image\" data-src-fg=\"https:\/\/levrybalkin.com\/wp-content\/uploads\/cache\/2022\/05\/217A9549\/867812029.jpg\" src=\"data:image\/svg+xml,%3Csvg%20xmlns%3D%22http%3A%2F%2Fwww.w3.org%2F2000%2Fsvg%22%20width%3D%22210%22%20height%3D%22210%22%20viewBox%3D%220%200%20210%20210%22%3E%3C%2Fsvg%3E\" loading=\"eager\"><\/span><span class=\"fg-image-overlay\"><\/span><\/a><\/figure><div class=\"fg-loader\"><\/div><\/div><\/div>","protected":false},"excerpt":{"rendered":"","protected":false},"author":1,"featured_media":0,"parent":1170,"menu_order":0,"comment_status":"closed","ping_status":"closed","template":"page-gallery.php","meta":{"footnotes":""},"class_list":["post-543","page","type-page","status-publish","hentry"],"yoast_head":"<!-- This site is optimized with the Yoast SEO plugin v27.5 - https:\/\/yoast.com\/product\/yoast-seo-wordpress\/ -->\n<title>Yamaha - Lev Rybalkin<\/title>\n<meta name=\"description\" content=\"Poskytuje producentstv\u00ed, vystoupen\u00ed na akc\u00edch, tour mana\u017eerstv\u00ed, ozvu\u010den\u00ed akc\u00ed, v\u00fduku klav\u00edru, skladatelstv\u00ed, zprost\u0159edkov\u00e1n\u00ed um\u011blc\u016f a dal\u0161\u00ed \u2026\" \/>\n<meta name=\"robots\" content=\"index, follow, max-snippet:-1, max-image-preview:large, max-video-preview:-1\" \/>\n<link rel=\"canonical\" href=\"https:\/\/levrybalkin.com\/en\/photos\/yamaha\/\" \/>\n<meta property=\"og:locale\" content=\"en_US\" \/>\n<meta property=\"og:type\" content=\"article\" \/>\n<meta property=\"og:title\" content=\"Yamaha - Lev Rybalkin\" \/>\n<meta property=\"og:description\" content=\"Poskytuje producentstv\u00ed, vystoupen\u00ed na akc\u00edch, tour mana\u017eerstv\u00ed, ozvu\u010den\u00ed akc\u00ed, v\u00fduku klav\u00edru, skladatelstv\u00ed, zprost\u0159edkov\u00e1n\u00ed um\u011blc\u016f a dal\u0161\u00ed \u2026\" \/>\n<meta property=\"og:url\" content=\"https:\/\/levrybalkin.com\/en\/photos\/yamaha\/\" \/>\n<meta property=\"og:site_name\" content=\"Lev Rybalkin\" \/>\n<meta property=\"article:modified_time\" content=\"2021-06-10T11:29:29+00:00\" \/>\n<meta name=\"twitter:card\" content=\"summary_large_image\" \/>\n<script type=\"application\/ld+json\" class=\"yoast-schema-graph\">{\"@context\":\"https:\\\/\\\/schema.org\",\"@graph\":[{\"@type\":\"WebPage\",\"@id\":\"https:\\\/\\\/levrybalkin.com\\\/photos\\\/yamaha\\\/\",\"url\":\"https:\\\/\\\/levrybalkin.com\\\/photos\\\/yamaha\\\/\",\"name\":\"Yamaha - Lev Rybalkin\",\"isPartOf\":{\"@id\":\"https:\\\/\\\/levrybalkin.com\\\/#website\"},\"datePublished\":\"2021-03-12T10:11:39+00:00\",\"dateModified\":\"2021-06-10T11:29:29+00:00\",\"description\":\"Poskytuje producentstv\u00ed, vystoupen\u00ed na akc\u00edch, tour mana\u017eerstv\u00ed, ozvu\u010den\u00ed akc\u00ed, v\u00fduku klav\u00edru, skladatelstv\u00ed, zprost\u0159edkov\u00e1n\u00ed um\u011blc\u016f a dal\u0161\u00ed \u2026\",\"breadcrumb\":{\"@id\":\"https:\\\/\\\/levrybalkin.com\\\/photos\\\/yamaha\\\/#breadcrumb\"},\"inLanguage\":\"en-US\",\"potentialAction\":[{\"@type\":\"ReadAction\",\"target\":[\"https:\\\/\\\/levrybalkin.com\\\/photos\\\/yamaha\\\/\"]}]},{\"@type\":\"BreadcrumbList\",\"@id\":\"https:\\\/\\\/levrybalkin.com\\\/photos\\\/yamaha\\\/#breadcrumb\",\"itemListElement\":[{\"@type\":\"ListItem\",\"position\":1,\"name\":\"Home\",\"item\":\"https:\\\/\\\/levrybalkin.com\\\/\"},{\"@type\":\"ListItem\",\"position\":2,\"name\":\"Fotogalerie\",\"item\":\"https:\\\/\\\/levrybalkin.com\\\/photos\\\/\"},{\"@type\":\"ListItem\",\"position\":3,\"name\":\"Yamaha\"}]},{\"@type\":\"WebSite\",\"@id\":\"https:\\\/\\\/levrybalkin.com\\\/#website\",\"url\":\"https:\\\/\\\/levrybalkin.com\\\/\",\"name\":\"Lev Rybalkin\",\"description\":\"\",\"potentialAction\":[{\"@type\":\"SearchAction\",\"target\":{\"@type\":\"EntryPoint\",\"urlTemplate\":\"https:\\\/\\\/levrybalkin.com\\\/?s={search_term_string}\"},\"query-input\":{\"@type\":\"PropertyValueSpecification\",\"valueRequired\":true,\"valueName\":\"search_term_string\"}}],\"inLanguage\":\"en-US\"}]}<\/script>\n<!-- \/ Yoast SEO plugin. -->","yoast_head_json":{"title":"Yamaha - Lev Rybalkin","description":"Poskytuje producentstv\u00ed, vystoupen\u00ed na akc\u00edch, tour mana\u017eerstv\u00ed, ozvu\u010den\u00ed akc\u00ed, v\u00fduku klav\u00edru, skladatelstv\u00ed, zprost\u0159edkov\u00e1n\u00ed um\u011blc\u016f a dal\u0161\u00ed \u2026","robots":{"index":"index","follow":"follow","max-snippet":"max-snippet:-1","max-image-preview":"max-image-preview:large","max-video-preview":"max-video-preview:-1"},"canonical":"https:\/\/levrybalkin.com\/en\/photos\/yamaha\/","og_locale":"en_US","og_type":"article","og_title":"Yamaha - Lev Rybalkin","og_description":"Poskytuje producentstv\u00ed, vystoupen\u00ed na akc\u00edch, tour mana\u017eerstv\u00ed, ozvu\u010den\u00ed akc\u00ed, v\u00fduku klav\u00edru, skladatelstv\u00ed, zprost\u0159edkov\u00e1n\u00ed um\u011blc\u016f a dal\u0161\u00ed \u2026","og_url":"https:\/\/levrybalkin.com\/en\/photos\/yamaha\/","og_site_name":"Lev Rybalkin","article_modified_time":"2021-06-10T11:29:29+00:00","twitter_card":"summary_large_image","schema":{"@context":"https:\/\/schema.org","@graph":[{"@type":"WebPage","@id":"https:\/\/levrybalkin.com\/photos\/yamaha\/","url":"https:\/\/levrybalkin.com\/photos\/yamaha\/","name":"Yamaha - Lev Rybalkin","isPartOf":{"@id":"https:\/\/levrybalkin.com\/#website"},"datePublished":"2021-03-12T10:11:39+00:00","dateModified":"2021-06-10T11:29:29+00:00","description":"Poskytuje producentstv\u00ed, vystoupen\u00ed na akc\u00edch, tour mana\u017eerstv\u00ed, ozvu\u010den\u00ed akc\u00ed, v\u00fduku klav\u00edru, skladatelstv\u00ed, zprost\u0159edkov\u00e1n\u00ed um\u011blc\u016f a dal\u0161\u00ed \u2026","breadcrumb":{"@id":"https:\/\/levrybalkin.com\/photos\/yamaha\/#breadcrumb"},"inLanguage":"en-US","potentialAction":[{"@type":"ReadAction","target":["https:\/\/levrybalkin.com\/photos\/yamaha\/"]}]},{"@type":"BreadcrumbList","@id":"https:\/\/levrybalkin.com\/photos\/yamaha\/#breadcrumb","itemListElement":[{"@type":"ListItem","position":1,"name":"Home","item":"https:\/\/levrybalkin.com\/"},{"@type":"ListItem","position":2,"name":"Fotogalerie","item":"https:\/\/levrybalkin.com\/photos\/"},{"@type":"ListItem","position":3,"name":"Yamaha"}]},{"@type":"WebSite","@id":"https:\/\/levrybalkin.com\/#website","url":"https:\/\/levrybalkin.com\/","name":"Lev Rybalkin","description":"","potentialAction":[{"@type":"SearchAction","target":{"@type":"EntryPoint","urlTemplate":"https:\/\/levrybalkin.com\/?s={search_term_string}"},"query-input":{"@type":"PropertyValueSpecification","valueRequired":true,"valueName":"search_term_string"}}],"inLanguage":"en-US"}]}},"_links":{"self":[{"href":"https:\/\/levrybalkin.com\/en\/wp-json\/wp\/v2\/pages\/543","targetHints":{"allow":["GET"]}}],"collection":[{"href":"https:\/\/levrybalkin.com\/en\/wp-json\/wp\/v2\/pages"}],"about":[{"href":"https:\/\/levrybalkin.com\/en\/wp-json\/wp\/v2\/types\/page"}],"author":[{"embeddable":true,"href":"https:\/\/levrybalkin.com\/en\/wp-json\/wp\/v2\/users\/1"}],"replies":[{"embeddable":true,"href":"https:\/\/levrybalkin.com\/en\/wp-json\/wp\/v2\/comments?post=543"}],"version-history":[{"count":1,"href":"https:\/\/levrybalkin.com\/en\/wp-json\/wp\/v2\/pages\/543\/revisions"}],"predecessor-version":[{"id":544,"href":"https:\/\/levrybalkin.com\/en\/wp-json\/wp\/v2\/pages\/543\/revisions\/544"}],"up":[{"embeddable":true,"href":"https:\/\/levrybalkin.com\/en\/wp-json\/wp\/v2\/pages\/1170"}],"wp:attachment":[{"href":"https:\/\/levrybalkin.com\/en\/wp-json\/wp\/v2\/media?parent=543"}],"curies":[{"name":"wp","href":"https:\/\/api.w.org\/{rel}","templated":true}]}}