{"id":42,"date":"2021-03-08T12:00:49","date_gmt":"2021-03-08T12:00:49","guid":{"rendered":"https:\/\/levrybalkin.com.a6.abuco.cz\/?page_id=42"},"modified":"2021-06-14T12:34:33","modified_gmt":"2021-06-14T12:34:33","slug":"contact","status":"publish","type":"page","link":"https:\/\/levrybalkin.com\/en\/contact\/","title":{"rendered":"Contact"},"content":{"rendered":"<div data-elementor-type=\"wp-page\" data-elementor-id=\"42\" class=\"elementor elementor-42\">\n\t\t\t\t\t\t<section class=\"elementor-section elementor-top-section elementor-element elementor-element-a91ca70 elementor-section-boxed elementor-section-height-default elementor-section-height-default\" data-id=\"a91ca70\" data-element_type=\"section\" data-e-type=\"section\">\n\t\t\t\t\t\t<div class=\"elementor-container elementor-column-gap-default\">\n\t\t\t\t\t<div class=\"elementor-column elementor-col-100 elementor-top-column elementor-element elementor-element-048cb97\" data-id=\"048cb97\" data-element_type=\"column\" data-e-type=\"column\">\n\t\t\t<div class=\"elementor-widget-wrap elementor-element-populated\">\n\t\t\t\t\t\t<section class=\"elementor-section elementor-inner-section elementor-element elementor-element-28f5450 elementor-section-boxed elementor-section-height-default elementor-section-height-default\" data-id=\"28f5450\" data-element_type=\"section\" data-e-type=\"section\">\n\t\t\t\t\t\t<div class=\"elementor-container elementor-column-gap-default\">\n\t\t\t\t\t<div class=\"elementor-column elementor-col-50 elementor-inner-column elementor-element elementor-element-10c5d07\" data-id=\"10c5d07\" data-element_type=\"column\" data-e-type=\"column\">\n\t\t\t<div class=\"elementor-widget-wrap elementor-element-populated\">\n\t\t\t\t\t\t<div class=\"elementor-element elementor-element-ec2c7a9 elementor-widget elementor-widget-image\" data-id=\"ec2c7a9\" data-element_type=\"widget\" data-e-type=\"widget\" data-widget_type=\"image.default\">\n\t\t\t\t<div class=\"elementor-widget-container\">\n\t\t\t\t\t\t\t\t\t\t\t\t\t\t\t<img fetchpriority=\"high\" decoding=\"async\" width=\"962\" height=\"1024\" src=\"https:\/\/levrybalkin.com\/wp-content\/uploads\/2021\/03\/Smoking-Lev--962x1024.jpg\" class=\"attachment-large size-large wp-image-258\" alt=\"lev\" srcset=\"https:\/\/levrybalkin.com\/wp-content\/uploads\/2021\/03\/Smoking-Lev--962x1024.jpg 962w, https:\/\/levrybalkin.com\/wp-content\/uploads\/2021\/03\/Smoking-Lev--282x300.jpg 282w, https:\/\/levrybalkin.com\/wp-content\/uploads\/2021\/03\/Smoking-Lev--768x818.jpg 768w, https:\/\/levrybalkin.com\/wp-content\/uploads\/2021\/03\/Smoking-Lev-.jpg 1081w\" sizes=\"(max-width: 962px) 100vw, 962px\" \/>\t\t\t\t\t\t\t\t\t\t\t\t\t\t\t<\/div>\n\t\t\t\t<\/div>\n\t\t\t\t\t<\/div>\n\t\t<\/div>\n\t\t\t\t<div class=\"elementor-column elementor-col-50 elementor-inner-column elementor-element elementor-element-b5dddf1\" data-id=\"b5dddf1\" data-element_type=\"column\" data-e-type=\"column\">\n\t\t\t<div class=\"elementor-widget-wrap elementor-element-populated\">\n\t\t\t\t\t\t<div class=\"elementor-element elementor-element-ddd7617 elementor-widget elementor-widget-text-editor\" data-id=\"ddd7617\" data-element_type=\"widget\" data-e-type=\"widget\" data-widget_type=\"text-editor.default\">\n\t\t\t\t<div class=\"elementor-widget-container\">\n\t\t\t\t\t\t\t\t\t<p><strong>Lev Rybalkin<\/strong><\/p>\n<p>Koncerty, aran\u017eovan\u00ed, producenstv\u00ed, tour manager, skladatel, zprost\u0159edkovan\u00ed&nbsp; um\u011blc\u016f, DJ produkce, poradenstv\u00ed, v\u00fduka klav\u00edru<b>.<\/b><\/p>\n<p><b>&nbsp;<\/b><\/p>\n<p>e-mail: <strong><a href=\"mailto:lev.rybalkin@seznam.cz\" target=\"_blank\" rel=\"noopener\">lev.rybalkin@seznam.cz<\/a><\/strong><\/p>\t\t\t\t\t\t\t\t<\/div>\n\t\t\t\t<\/div>\n\t\t\t\t\t<\/div>\n\t\t<\/div>\n\t\t\t\t\t<\/div>\n\t\t<\/section>\n\t\t\t\t\t<\/div>\n\t\t<\/div>\n\t\t\t\t\t<\/div>\n\t\t<\/section>\n\t\t\t\t<section class=\"elementor-section elementor-top-section elementor-element elementor-element-4a6f990 elementor-section-boxed elementor-section-height-default elementor-section-height-default\" data-id=\"4a6f990\" data-element_type=\"section\" data-e-type=\"section\">\n\t\t\t\t\t\t<div class=\"elementor-container elementor-column-gap-default\">\n\t\t\t\t\t<div class=\"elementor-column elementor-col-100 elementor-top-column elementor-element elementor-element-6cf8457\" data-id=\"6cf8457\" data-element_type=\"column\" data-e-type=\"column\">\n\t\t\t<div class=\"elementor-widget-wrap elementor-element-populated\">\n\t\t\t\t\t\t<div class=\"elementor-element elementor-element-1efe847 elementor-widget elementor-widget-spacer\" data-id=\"1efe847\" data-element_type=\"widget\" data-e-type=\"widget\" data-widget_type=\"spacer.default\">\n\t\t\t\t<div class=\"elementor-widget-container\">\n\t\t\t\t\t\t\t<div class=\"elementor-spacer\">\n\t\t\t<div class=\"elementor-spacer-inner\"><\/div>\n\t\t<\/div>\n\t\t\t\t\t\t<\/div>\n\t\t\t\t<\/div>\n\t\t\t\t\t<\/div>\n\t\t<\/div>\n\t\t\t\t\t<\/div>\n\t\t<\/section>\n\t\t\t\t<\/div>","protected":false},"excerpt":{"rendered":"<p>Lev Rybalkin Koncerty, aran\u017eovan\u00ed, producenstv\u00ed, tour manager, skladatel, zprost\u0159edkovan\u00ed&nbsp; um\u011blc\u016f, DJ produkce, poradenstv\u00ed, v\u00fduka klav\u00edru. &nbsp; e-mail: lev.rybalkin@seznam.cz<\/p>","protected":false},"author":1,"featured_media":0,"parent":0,"menu_order":0,"comment_status":"closed","ping_status":"closed","template":"","meta":{"footnotes":""},"class_list":["post-42","page","type-page","status-publish","hentry"],"yoast_head":"<!-- This site is optimized with the Yoast SEO plugin v27.6 - https:\/\/yoast.com\/product\/yoast-seo-wordpress\/ -->\n<title>Kontakt - Lev Rybalkin<\/title>\n<meta name=\"description\" content=\"Poskytuje producentstv\u00ed, vystoupen\u00ed na akc\u00edch, tour mana\u017eerstv\u00ed, ozvu\u010den\u00ed akc\u00ed, v\u00fduku klav\u00edru, skladatelstv\u00ed, zprost\u0159edkov\u00e1n\u00ed um\u011blc\u016f a dal\u0161\u00ed \u2026\" \/>\n<meta name=\"robots\" content=\"index, follow, max-snippet:-1, max-image-preview:large, max-video-preview:-1\" \/>\n<link rel=\"canonical\" href=\"https:\/\/levrybalkin.com\/en\/contact\/\" \/>\n<meta property=\"og:locale\" content=\"en_US\" \/>\n<meta property=\"og:type\" content=\"article\" \/>\n<meta property=\"og:title\" content=\"Kontakt - Lev Rybalkin\" \/>\n<meta property=\"og:description\" content=\"Poskytuje producentstv\u00ed, vystoupen\u00ed na akc\u00edch, tour mana\u017eerstv\u00ed, ozvu\u010den\u00ed akc\u00ed, v\u00fduku klav\u00edru, skladatelstv\u00ed, zprost\u0159edkov\u00e1n\u00ed um\u011blc\u016f a dal\u0161\u00ed \u2026\" \/>\n<meta property=\"og:url\" content=\"https:\/\/levrybalkin.com\/en\/contact\/\" \/>\n<meta property=\"og:site_name\" content=\"Lev Rybalkin\" \/>\n<meta property=\"article:modified_time\" content=\"2021-06-14T12:34:33+00:00\" \/>\n<meta property=\"og:image\" content=\"https:\/\/levrybalkin.com\/wp-content\/uploads\/2021\/03\/Smoking-Lev--962x1024.jpg\" \/>\n<meta name=\"twitter:card\" content=\"summary_large_image\" \/>\n<meta name=\"twitter:label1\" content=\"Est. reading time\" \/>\n\t<meta name=\"twitter:data1\" content=\"1 minute\" \/>\n<script type=\"application\/ld+json\" class=\"yoast-schema-graph\">{\"@context\":\"https:\\\/\\\/schema.org\",\"@graph\":[{\"@type\":\"WebPage\",\"@id\":\"https:\\\/\\\/levrybalkin.com\\\/contact\\\/\",\"url\":\"https:\\\/\\\/levrybalkin.com\\\/contact\\\/\",\"name\":\"Kontakt - Lev Rybalkin\",\"isPartOf\":{\"@id\":\"https:\\\/\\\/levrybalkin.com\\\/#website\"},\"primaryImageOfPage\":{\"@id\":\"https:\\\/\\\/levrybalkin.com\\\/contact\\\/#primaryimage\"},\"image\":{\"@id\":\"https:\\\/\\\/levrybalkin.com\\\/contact\\\/#primaryimage\"},\"thumbnailUrl\":\"https:\\\/\\\/levrybalkin.com\\\/wp-content\\\/uploads\\\/2021\\\/03\\\/Smoking-Lev--962x1024.jpg\",\"datePublished\":\"2021-03-08T12:00:49+00:00\",\"dateModified\":\"2021-06-14T12:34:33+00:00\",\"description\":\"Poskytuje producentstv\u00ed, vystoupen\u00ed na akc\u00edch, tour mana\u017eerstv\u00ed, ozvu\u010den\u00ed akc\u00ed, v\u00fduku klav\u00edru, skladatelstv\u00ed, zprost\u0159edkov\u00e1n\u00ed um\u011blc\u016f a dal\u0161\u00ed \u2026\",\"breadcrumb\":{\"@id\":\"https:\\\/\\\/levrybalkin.com\\\/contact\\\/#breadcrumb\"},\"inLanguage\":\"en-US\",\"potentialAction\":[{\"@type\":\"ReadAction\",\"target\":[\"https:\\\/\\\/levrybalkin.com\\\/contact\\\/\"]}]},{\"@type\":\"ImageObject\",\"inLanguage\":\"en-US\",\"@id\":\"https:\\\/\\\/levrybalkin.com\\\/contact\\\/#primaryimage\",\"url\":\"https:\\\/\\\/levrybalkin.com\\\/wp-content\\\/uploads\\\/2021\\\/03\\\/Smoking-Lev--962x1024.jpg\",\"contentUrl\":\"https:\\\/\\\/levrybalkin.com\\\/wp-content\\\/uploads\\\/2021\\\/03\\\/Smoking-Lev--962x1024.jpg\"},{\"@type\":\"BreadcrumbList\",\"@id\":\"https:\\\/\\\/levrybalkin.com\\\/contact\\\/#breadcrumb\",\"itemListElement\":[{\"@type\":\"ListItem\",\"position\":1,\"name\":\"Home\",\"item\":\"https:\\\/\\\/levrybalkin.com\\\/\"},{\"@type\":\"ListItem\",\"position\":2,\"name\":\"Kontakt\"}]},{\"@type\":\"WebSite\",\"@id\":\"https:\\\/\\\/levrybalkin.com\\\/#website\",\"url\":\"https:\\\/\\\/levrybalkin.com\\\/\",\"name\":\"Lev Rybalkin\",\"description\":\"\",\"potentialAction\":[{\"@type\":\"SearchAction\",\"target\":{\"@type\":\"EntryPoint\",\"urlTemplate\":\"https:\\\/\\\/levrybalkin.com\\\/?s={search_term_string}\"},\"query-input\":{\"@type\":\"PropertyValueSpecification\",\"valueRequired\":true,\"valueName\":\"search_term_string\"}}],\"inLanguage\":\"en-US\"}]}<\/script>\n<!-- \/ Yoast SEO plugin. -->","yoast_head_json":{"title":"Kontakt - Lev Rybalkin","description":"Poskytuje producentstv\u00ed, vystoupen\u00ed na akc\u00edch, tour mana\u017eerstv\u00ed, ozvu\u010den\u00ed akc\u00ed, v\u00fduku klav\u00edru, skladatelstv\u00ed, zprost\u0159edkov\u00e1n\u00ed um\u011blc\u016f a dal\u0161\u00ed \u2026","robots":{"index":"index","follow":"follow","max-snippet":"max-snippet:-1","max-image-preview":"max-image-preview:large","max-video-preview":"max-video-preview:-1"},"canonical":"https:\/\/levrybalkin.com\/en\/contact\/","og_locale":"en_US","og_type":"article","og_title":"Kontakt - Lev Rybalkin","og_description":"Poskytuje producentstv\u00ed, vystoupen\u00ed na akc\u00edch, tour mana\u017eerstv\u00ed, ozvu\u010den\u00ed akc\u00ed, v\u00fduku klav\u00edru, skladatelstv\u00ed, zprost\u0159edkov\u00e1n\u00ed um\u011blc\u016f a dal\u0161\u00ed \u2026","og_url":"https:\/\/levrybalkin.com\/en\/contact\/","og_site_name":"Lev Rybalkin","article_modified_time":"2021-06-14T12:34:33+00:00","og_image":[{"url":"https:\/\/levrybalkin.com\/wp-content\/uploads\/2021\/03\/Smoking-Lev--962x1024.jpg","type":"","width":"","height":""}],"twitter_card":"summary_large_image","twitter_misc":{"Est. reading time":"1 minute"},"schema":{"@context":"https:\/\/schema.org","@graph":[{"@type":"WebPage","@id":"https:\/\/levrybalkin.com\/contact\/","url":"https:\/\/levrybalkin.com\/contact\/","name":"Kontakt - Lev Rybalkin","isPartOf":{"@id":"https:\/\/levrybalkin.com\/#website"},"primaryImageOfPage":{"@id":"https:\/\/levrybalkin.com\/contact\/#primaryimage"},"image":{"@id":"https:\/\/levrybalkin.com\/contact\/#primaryimage"},"thumbnailUrl":"https:\/\/levrybalkin.com\/wp-content\/uploads\/2021\/03\/Smoking-Lev--962x1024.jpg","datePublished":"2021-03-08T12:00:49+00:00","dateModified":"2021-06-14T12:34:33+00:00","description":"Poskytuje producentstv\u00ed, vystoupen\u00ed na akc\u00edch, tour mana\u017eerstv\u00ed, ozvu\u010den\u00ed akc\u00ed, v\u00fduku klav\u00edru, skladatelstv\u00ed, zprost\u0159edkov\u00e1n\u00ed um\u011blc\u016f a dal\u0161\u00ed \u2026","breadcrumb":{"@id":"https:\/\/levrybalkin.com\/contact\/#breadcrumb"},"inLanguage":"en-US","potentialAction":[{"@type":"ReadAction","target":["https:\/\/levrybalkin.com\/contact\/"]}]},{"@type":"ImageObject","inLanguage":"en-US","@id":"https:\/\/levrybalkin.com\/contact\/#primaryimage","url":"https:\/\/levrybalkin.com\/wp-content\/uploads\/2021\/03\/Smoking-Lev--962x1024.jpg","contentUrl":"https:\/\/levrybalkin.com\/wp-content\/uploads\/2021\/03\/Smoking-Lev--962x1024.jpg"},{"@type":"BreadcrumbList","@id":"https:\/\/levrybalkin.com\/contact\/#breadcrumb","itemListElement":[{"@type":"ListItem","position":1,"name":"Home","item":"https:\/\/levrybalkin.com\/"},{"@type":"ListItem","position":2,"name":"Kontakt"}]},{"@type":"WebSite","@id":"https:\/\/levrybalkin.com\/#website","url":"https:\/\/levrybalkin.com\/","name":"Lev Rybalkin","description":"","potentialAction":[{"@type":"SearchAction","target":{"@type":"EntryPoint","urlTemplate":"https:\/\/levrybalkin.com\/?s={search_term_string}"},"query-input":{"@type":"PropertyValueSpecification","valueRequired":true,"valueName":"search_term_string"}}],"inLanguage":"en-US"}]}},"_links":{"self":[{"href":"https:\/\/levrybalkin.com\/en\/wp-json\/wp\/v2\/pages\/42","targetHints":{"allow":["GET"]}}],"collection":[{"href":"https:\/\/levrybalkin.com\/en\/wp-json\/wp\/v2\/pages"}],"about":[{"href":"https:\/\/levrybalkin.com\/en\/wp-json\/wp\/v2\/types\/page"}],"author":[{"embeddable":true,"href":"https:\/\/levrybalkin.com\/en\/wp-json\/wp\/v2\/users\/1"}],"replies":[{"embeddable":true,"href":"https:\/\/levrybalkin.com\/en\/wp-json\/wp\/v2\/comments?post=42"}],"version-history":[{"count":29,"href":"https:\/\/levrybalkin.com\/en\/wp-json\/wp\/v2\/pages\/42\/revisions"}],"predecessor-version":[{"id":1182,"href":"https:\/\/levrybalkin.com\/en\/wp-json\/wp\/v2\/pages\/42\/revisions\/1182"}],"wp:attachment":[{"href":"https:\/\/levrybalkin.com\/en\/wp-json\/wp\/v2\/media?parent=42"}],"curies":[{"name":"wp","href":"https:\/\/api.w.org\/{rel}","templated":true}]}}