{"id":169,"date":"2021-03-09T13:28:36","date_gmt":"2021-03-09T13:28:36","guid":{"rendered":"https:\/\/levrybalkin.com.a6.abuco.cz\/?page_id=169"},"modified":"2021-08-18T08:44:06","modified_gmt":"2021-08-18T08:44:06","slug":"about-me","status":"publish","type":"page","link":"https:\/\/levrybalkin.com\/en\/","title":{"rendered":"About me"},"content":{"rendered":"<div data-elementor-type=\"wp-page\" data-elementor-id=\"169\" class=\"elementor elementor-169\">\n\t\t\t\t\t\t<section class=\"elementor-section elementor-top-section elementor-element elementor-element-ab62943 down-arrow elementor-section-boxed elementor-section-height-default elementor-section-height-default\" data-id=\"ab62943\" data-element_type=\"section\" data-e-type=\"section\">\n\t\t\t\t\t\t<div class=\"elementor-container elementor-column-gap-default\">\n\t\t\t\t\t<div class=\"elementor-column elementor-col-100 elementor-top-column elementor-element elementor-element-4deecd7\" data-id=\"4deecd7\" data-element_type=\"column\" data-e-type=\"column\">\n\t\t\t<div class=\"elementor-widget-wrap elementor-element-populated\">\n\t\t\t\t\t\t<div class=\"elementor-element elementor-element-aecddc9 elementor-view-default elementor-widget elementor-widget-icon\" data-id=\"aecddc9\" data-element_type=\"widget\" data-e-type=\"widget\" data-settings=\"{&quot;_animation&quot;:&quot;none&quot;}\" data-widget_type=\"icon.default\">\n\t\t\t\t<div class=\"elementor-widget-container\">\n\t\t\t\t\t\t\t<div class=\"elementor-icon-wrapper\">\n\t\t\t<a class=\"elementor-icon\" href=\"#about-me-section\">\n\t\t\t<i aria-hidden=\"true\" class=\"fas fa-long-arrow-alt-down\"><\/i>\t\t\t<\/a>\n\t\t<\/div>\n\t\t\t\t\t\t<\/div>\n\t\t\t\t<\/div>\n\t\t\t\t\t<\/div>\n\t\t<\/div>\n\t\t\t\t\t<\/div>\n\t\t<\/section>\n\t\t\t\t<section class=\"elementor-section elementor-top-section elementor-element elementor-element-3f3631c elementor-section-boxed elementor-section-height-default elementor-section-height-default\" data-id=\"3f3631c\" data-element_type=\"section\" data-e-type=\"section\" id=\"about-me-section\">\n\t\t\t\t\t\t<div class=\"elementor-container elementor-column-gap-default\">\n\t\t\t\t\t<div class=\"elementor-column elementor-col-100 elementor-top-column elementor-element elementor-element-4fd19e5\" data-id=\"4fd19e5\" data-element_type=\"column\" data-e-type=\"column\">\n\t\t\t<div class=\"elementor-widget-wrap elementor-element-populated\">\n\t\t\t\t\t\t<div class=\"elementor-element elementor-element-4b39767 elementor-hidden-desktop elementor-widget elementor-widget-heading\" data-id=\"4b39767\" data-element_type=\"widget\" data-e-type=\"widget\" data-widget_type=\"heading.default\">\n\t\t\t\t<div class=\"elementor-widget-container\">\n\t\t\t\t\t<h2 class=\"elementor-heading-title elementor-size-default\">About me<\/h2>\t\t\t\t<\/div>\n\t\t\t\t<\/div>\n\t\t\t\t\t<\/div>\n\t\t<\/div>\n\t\t\t\t\t<\/div>\n\t\t<\/section>\n\t\t\t\t<section class=\"elementor-section elementor-top-section elementor-element elementor-element-2e69ea4 elementor-section-boxed elementor-section-height-default elementor-section-height-default\" data-id=\"2e69ea4\" data-element_type=\"section\" data-e-type=\"section\" id=\"about-me-section\">\n\t\t\t\t\t\t<div class=\"elementor-container elementor-column-gap-default\">\n\t\t\t\t\t<div class=\"elementor-column elementor-col-100 elementor-top-column elementor-element elementor-element-a7a1436\" data-id=\"a7a1436\" data-element_type=\"column\" data-e-type=\"column\">\n\t\t\t<div class=\"elementor-widget-wrap elementor-element-populated\">\n\t\t\t\t\t\t<section class=\"elementor-section elementor-inner-section elementor-element elementor-element-b8091e6 elementor-section-boxed elementor-section-height-default elementor-section-height-default\" data-id=\"b8091e6\" data-element_type=\"section\" data-e-type=\"section\">\n\t\t\t\t\t\t<div class=\"elementor-container elementor-column-gap-default\">\n\t\t\t\t\t<div class=\"elementor-column elementor-col-50 elementor-inner-column elementor-element elementor-element-6b7f74e\" data-id=\"6b7f74e\" data-element_type=\"column\" data-e-type=\"column\">\n\t\t\t<div class=\"elementor-widget-wrap elementor-element-populated\">\n\t\t\t\t\t\t<div class=\"elementor-element elementor-element-3a9fbdd elementor-widget elementor-widget-image\" data-id=\"3a9fbdd\" data-element_type=\"widget\" data-e-type=\"widget\" data-widget_type=\"image.default\">\n\t\t\t\t<div class=\"elementor-widget-container\">\n\t\t\t\t\t\t\t\t\t\t\t\t\t\t\t<img fetchpriority=\"high\" decoding=\"async\" width=\"678\" height=\"785\" src=\"https:\/\/levrybalkin.com\/wp-content\/uploads\/2021\/08\/LR.jpg\" class=\"attachment-large size-large wp-image-1229\" alt=\"lev\" srcset=\"https:\/\/levrybalkin.com\/wp-content\/uploads\/2021\/08\/LR.jpg 678w, https:\/\/levrybalkin.com\/wp-content\/uploads\/2021\/08\/LR-259x300.jpg 259w, https:\/\/levrybalkin.com\/wp-content\/uploads\/2021\/08\/LR-10x12.jpg 10w\" sizes=\"(max-width: 678px) 100vw, 678px\" \/>\t\t\t\t\t\t\t\t\t\t\t\t\t\t\t<\/div>\n\t\t\t\t<\/div>\n\t\t\t\t\t<\/div>\n\t\t<\/div>\n\t\t\t\t<div class=\"elementor-column elementor-col-50 elementor-inner-column elementor-element elementor-element-b883f2d\" data-id=\"b883f2d\" data-element_type=\"column\" data-e-type=\"column\">\n\t\t\t<div class=\"elementor-widget-wrap elementor-element-populated\">\n\t\t\t\t\t\t<div class=\"elementor-element elementor-element-e220beb elementor-hidden-tablet elementor-hidden-phone elementor-widget elementor-widget-text-editor\" data-id=\"e220beb\" data-element_type=\"widget\" data-e-type=\"widget\" data-widget_type=\"text-editor.default\">\n\t\t\t\t<div class=\"elementor-widget-container\">\n\t\t\t\t\t\t\t\t\t<h1>About me<\/h1>\n<div class=\"translation-block\">Lev Rybalkin provides <strong>production, performances at events, tour management, event sound, piano lessons, composition, artist mediation<\/strong> and more\u2026<\/div>\n<br>\n<div>\n\nLev Rybalkin studied piano at the eleven-year special music school at the Ministry of Culture in Chisinau, which he graduated from in 1970 with a diploma entitling him to work as a concertmaster. In the same year he began to study piano and organ at the Academy of Music in St. Petersburg \u2026 <span class=\"more-button\">MORE<\/span>\n\n<\/div>\t\t\t\t\t\t\t\t<\/div>\n\t\t\t\t<\/div>\n\t\t\t\t\t<\/div>\n\t\t<\/div>\n\t\t\t\t\t<\/div>\n\t\t<\/section>\n\t\t\t\t\t<\/div>\n\t\t<\/div>\n\t\t\t\t\t<\/div>\n\t\t<\/section>\n\t\t\t\t<section class=\"elementor-section elementor-top-section elementor-element elementor-element-a13628e elementor-section-boxed elementor-section-height-default elementor-section-height-default\" data-id=\"a13628e\" data-element_type=\"section\" data-e-type=\"section\">\n\t\t\t\t\t\t<div class=\"elementor-container elementor-column-gap-default\">\n\t\t\t\t\t<div class=\"elementor-column elementor-col-100 elementor-top-column elementor-element elementor-element-d08620a\" data-id=\"d08620a\" data-element_type=\"column\" data-e-type=\"column\">\n\t\t\t<div class=\"elementor-widget-wrap elementor-element-populated\">\n\t\t\t\t\t\t<div class=\"elementor-element elementor-element-fabcb31 elementor-hidden-desktop elementor-widget elementor-widget-text-editor\" data-id=\"fabcb31\" data-element_type=\"widget\" data-e-type=\"widget\" data-widget_type=\"text-editor.default\">\n\t\t\t\t<div class=\"elementor-widget-container\">\n\t\t\t\t\t\t\t\t\t<p class=\"translation-block\">Lev Rybalkin provides production, performance, event management, event sound, piano lessons, composition, artist mediation and more...<\/p><p>\u00a0<\/p><p>\u00a0<\/p><p>Lev Rybalkin studied Music Academy in St. Petersburg. In 1975 he moved to Prague and instantly became one of the most sought after keyboard players, producers and arrangers.\u00a0<span class=\"more-button\">MORE<\/span><\/p>\t\t\t\t\t\t\t\t<\/div>\n\t\t\t\t<\/div>\n\t\t\t\t\t<\/div>\n\t\t<\/div>\n\t\t\t\t\t<\/div>\n\t\t<\/section>\n\t\t\t\t<section class=\"elementor-section elementor-top-section elementor-element elementor-element-200cbbc elementor-hidden-tablet elementor-hidden-phone separator-to-hide elementor-section-boxed elementor-section-height-default elementor-section-height-default\" data-id=\"200cbbc\" data-element_type=\"section\" data-e-type=\"section\">\n\t\t\t\t\t\t<div class=\"elementor-container elementor-column-gap-default\">\n\t\t\t\t\t<div class=\"elementor-column elementor-col-100 elementor-top-column elementor-element elementor-element-50c0c8f\" data-id=\"50c0c8f\" data-element_type=\"column\" data-e-type=\"column\">\n\t\t\t<div class=\"elementor-widget-wrap elementor-element-populated\">\n\t\t\t\t\t\t<div class=\"elementor-element elementor-element-6ea2003 elementor-widget-divider--view-line elementor-widget elementor-widget-divider\" data-id=\"6ea2003\" data-element_type=\"widget\" data-e-type=\"widget\" data-widget_type=\"divider.default\">\n\t\t\t\t<div class=\"elementor-widget-container\">\n\t\t\t\t\t\t\t<div class=\"elementor-divider\">\n\t\t\t<span class=\"elementor-divider-separator\">\n\t\t\t\t\t\t<\/span>\n\t\t<\/div>\n\t\t\t\t\t\t<\/div>\n\t\t\t\t<\/div>\n\t\t\t\t\t<\/div>\n\t\t<\/div>\n\t\t\t\t\t<\/div>\n\t\t<\/section>\n\t\t\t\t<section class=\"elementor-section elementor-top-section elementor-element elementor-element-65f50e3 hidden elementor-section-boxed elementor-section-height-default elementor-section-height-default\" data-id=\"65f50e3\" data-element_type=\"section\" data-e-type=\"section\">\n\t\t\t\t\t\t<div class=\"elementor-container elementor-column-gap-default\">\n\t\t\t\t\t<div class=\"elementor-column elementor-col-100 elementor-top-column elementor-element elementor-element-78f63a4\" data-id=\"78f63a4\" data-element_type=\"column\" data-e-type=\"column\">\n\t\t\t<div class=\"elementor-widget-wrap elementor-element-populated\">\n\t\t\t\t\t\t<section class=\"elementor-section elementor-inner-section elementor-element elementor-element-d908f18 rybalkin-profile elementor-section-boxed elementor-section-height-default elementor-section-height-default\" data-id=\"d908f18\" data-element_type=\"section\" data-e-type=\"section\">\n\t\t\t\t\t\t<div class=\"elementor-container elementor-column-gap-default\">\n\t\t\t\t\t<div class=\"elementor-column elementor-col-50 elementor-inner-column elementor-element elementor-element-a043e60\" data-id=\"a043e60\" data-element_type=\"column\" data-e-type=\"column\">\n\t\t\t<div class=\"elementor-widget-wrap elementor-element-populated\">\n\t\t\t\t\t\t<div class=\"elementor-element elementor-element-77dba01 elementor-widget elementor-widget-text-editor\" data-id=\"77dba01\" data-element_type=\"widget\" data-e-type=\"widget\" data-widget_type=\"text-editor.default\">\n\t\t\t\t<div class=\"elementor-widget-container\">\n\t\t\t\t\t\t\t\t\t<p>For a longer period of time, he worked in the United States and Western Europe, accompanying the Broadway show and performing with Roy Orbison, The Platters, Beverly Reed and Vivian Kelly. He was part of a European concert tour of world renowned personalities such as Paul Jones (Manfred Mann) and Tony Sheridan.Locally, he worked with Lubos Andr\u0161t Blues Band, the No Guitars project.<\/p><p><br>\nIn 1990-1991, he participated in Marta Kubi\u0161ov\u00e1\u2019s world tour and played with many leading artists in the Czech Republic - Marie Rottrov\u00e1, Vera Martinov\u00e1 and many others.<\/p>\t\t\t\t\t\t\t\t<\/div>\n\t\t\t\t<\/div>\n\t\t\t\t\t<\/div>\n\t\t<\/div>\n\t\t\t\t<div class=\"elementor-column elementor-col-50 elementor-inner-column elementor-element elementor-element-ccaf1c3\" data-id=\"ccaf1c3\" data-element_type=\"column\" data-e-type=\"column\">\n\t\t\t<div class=\"elementor-widget-wrap elementor-element-populated\">\n\t\t\t\t\t\t<div class=\"elementor-element elementor-element-9a9a104 elementor-widget elementor-widget-image\" data-id=\"9a9a104\" data-element_type=\"widget\" data-e-type=\"widget\" data-widget_type=\"image.default\">\n\t\t\t\t<div class=\"elementor-widget-container\">\n\t\t\t\t\t\t\t\t\t\t\t\t\t\t\t<img decoding=\"async\" width=\"1024\" height=\"649\" src=\"https:\/\/levrybalkin.com\/wp-content\/uploads\/2021\/03\/LR-1024x649.jpg\" class=\"attachment-large size-large wp-image-266\" alt=\"lev\" srcset=\"https:\/\/levrybalkin.com\/wp-content\/uploads\/2021\/03\/LR-1024x649.jpg 1024w, https:\/\/levrybalkin.com\/wp-content\/uploads\/2021\/03\/LR-300x190.jpg 300w, https:\/\/levrybalkin.com\/wp-content\/uploads\/2021\/03\/LR-768x487.jpg 768w, https:\/\/levrybalkin.com\/wp-content\/uploads\/2021\/03\/LR-1536x974.jpg 1536w, https:\/\/levrybalkin.com\/wp-content\/uploads\/2021\/03\/LR-2048x1299.jpg 2048w\" sizes=\"(max-width: 1024px) 100vw, 1024px\" \/>\t\t\t\t\t\t\t\t\t\t\t\t\t\t\t<\/div>\n\t\t\t\t<\/div>\n\t\t\t\t\t<\/div>\n\t\t<\/div>\n\t\t\t\t\t<\/div>\n\t\t<\/section>\n\t\t\t\t\t<\/div>\n\t\t<\/div>\n\t\t\t\t\t<\/div>\n\t\t<\/section>\n\t\t\t\t<section class=\"elementor-section elementor-top-section elementor-element elementor-element-f7829b4 hidden elementor-section-boxed elementor-section-height-default elementor-section-height-default\" data-id=\"f7829b4\" data-element_type=\"section\" data-e-type=\"section\">\n\t\t\t\t\t\t<div class=\"elementor-container elementor-column-gap-default\">\n\t\t\t\t\t<div class=\"elementor-column elementor-col-100 elementor-top-column elementor-element elementor-element-95bbc55\" data-id=\"95bbc55\" data-element_type=\"column\" data-e-type=\"column\">\n\t\t\t<div class=\"elementor-widget-wrap elementor-element-populated\">\n\t\t\t\t\t\t<div class=\"elementor-element elementor-element-9ffebdf elementor-widget elementor-widget-text-editor\" data-id=\"9ffebdf\" data-element_type=\"widget\" data-e-type=\"widget\" data-widget_type=\"text-editor.default\">\n\t\t\t\t<div class=\"elementor-widget-container\">\n\t\t\t\t\t\t\t\t\t<p class=\"translation-block\">He has been working and recording with Czech singer Jitka Zelenkov\u00e1 over twenty years, accompanying her band as a piano player and an arranger. In 1997, along with Franti\u0161ek Honig and Franta Raba, he founded a funky-jazz-rock band called Work, Shop &amp; More, taking part in many concerts and festivals.He recorded two CDs with this band.\n<br><br>\nIn 2006 and 2007, he produced, arranged and played keybords on tour with WSM and the renowned American guitarist and singer Hiram Bullock.\n\n<br><br>\n\nLev is the service manager for foreign guests at the Karlovy Vary Jazz Festival since 2003. As part of this festival he produced the concerts of Julio Barreto, Doug Hammond, George Mraz, Hiram Bullock, Victor and Regi Wooten, Frank Gambale, Alain Caron, Otmar Ruiz, Gino Sitson, Horacio \u201cEl negro\u201d Hernandez and others.\n<br><br>\n \n\nHe has recorded dozens of records at home and abroad.\n<br><br>\n \n\nIn 2005 he took part in the Swiss project called Sitnlisten (Tanja Dankner) not only as a player but as a songwriter and arranger.\n<br><br>\nHe also organized the tour of this project in Czech Republic under the name of \"Lounge in the church\u201c.In addition, he collaborates in the projects of World music - Emashie and Lariba in Switzerland.\n<br>\nIn 2007, he toured with the band Emashie as a road manager in the Czech Republic. He played along with Jamaican bassist Leon Duncan (Monti Alexander) together with a band called C-Breeze.\n<br><br>\n \n\nIn September 2007 during the tour of Work, Shop &amp; More with Hiram Bullock, Lev recorded a new single, where Hiram Bullock appears not only as a soloist but also as a lyrics writer and the singer of the song ''Just''A Hope\u201c.\n\n <br><br>\n\nLev also performed as a guest with \"Konstantin Ruchadze band - beyond Amsterdam\" (CZ-RU-NL) and Eichler Fusion Trio presenting Lester Chapman (Trinidad-Tabago) on steel pans.\n\n \n\nIn July 2008, he accompanied with the symphonic orchestra Canadian singer Alannah Myles, in Thessaloniki, Greece.\n\n \n<br><br>\nLev\u2019s most recent copyright CD called \"Many Faces\", will be released in 2011 and will include the very last recordings of Hiram Bullock \"Just a hope\" and \"Once U'll understand ...\", and an American singer and lyric writer Freda A. Goodlett (Funky Brotherhood). Moreover, this CD will present the famous American guitarist Frank Gambale (Chick Corea electric band) and the Czech Top Star Dasha. Along with these great artists, the project includes samples, loops, scratches technology (DJ Ollgoy&amp;Dj Mersi) and introduces the rapper Antwi.\n\n<br><br>\n\nAppearing like a guest with the rock singer Tanja and Burma Jones band.\n\n \n<br><br>\nSince 2012 is presenting pianos, workstations and sythesizers by one of the bigest music shop in Czech republic Kytary.cz.\n\n <br><br>\n\nStarting 2014 Lev is collaborating with Yamaha Czech republic, division Digital and Modelling pianos.\n<br><br>\nSince 2010 started with an Art project called \"Lev Rybalkin Drums &amp; Lights\" recycling used drums cymbals and making out of them design lights.<\/p>\t\t\t\t\t\t\t\t<\/div>\n\t\t\t\t<\/div>\n\t\t\t\t\t<\/div>\n\t\t<\/div>\n\t\t\t\t\t<\/div>\n\t\t<\/section>\n\t\t\t\t<section class=\"elementor-section elementor-top-section elementor-element elementor-element-f85308a elementor-section-boxed elementor-section-height-default elementor-section-height-default\" data-id=\"f85308a\" data-element_type=\"section\" data-e-type=\"section\">\n\t\t\t\t\t\t<div class=\"elementor-container elementor-column-gap-default\">\n\t\t\t\t\t<div class=\"elementor-column elementor-col-100 elementor-top-column elementor-element elementor-element-71c590e\" data-id=\"71c590e\" data-element_type=\"column\" data-e-type=\"column\">\n\t\t\t<div class=\"elementor-widget-wrap elementor-element-populated\">\n\t\t\t\t\t\t<div class=\"elementor-element elementor-element-63d82bd hidden elementor-widget elementor-widget-spacer\" data-id=\"63d82bd\" data-element_type=\"widget\" data-e-type=\"widget\" data-widget_type=\"spacer.default\">\n\t\t\t\t<div class=\"elementor-widget-container\">\n\t\t\t\t\t\t\t<div class=\"elementor-spacer\">\n\t\t\t<div class=\"elementor-spacer-inner\"><\/div>\n\t\t<\/div>\n\t\t\t\t\t\t<\/div>\n\t\t\t\t<\/div>\n\t\t\t\t\t<\/div>\n\t\t<\/div>\n\t\t\t\t\t<\/div>\n\t\t<\/section>\n\t\t\t\t<\/div>","protected":false},"excerpt":{"rendered":"<p>O mn\u011b O mn\u011b Lev Rybalkin poskytuje producenstv\u00ed, vystoupen\u00ed na akc\u00edch, tour mana\u017eerstv\u00ed, ozvu\u010den\u00ed akc\u00ed, v\u00fduku klav\u00edru, skladatelstv\u00ed, sprost\u0159edkov\u00e1n\u00ed um\u011blc\u016f a dal\u0161\u00ed &#8230; Lev Rybalkin vystudoval klav\u00edr na jeden\u00e1ctilet\u00e9 speci\u00e1ln\u00ed hudebn\u00ed \u0161kole p\u0159i ministerstvu kultury v Ki\u0161in\u011bv\u011b, kterou ukon\u010dil v roce 1970 s diplomem oprav\u0148uj\u00edc\u00edm k \u010dinnosti koncertn\u00edho mistra. V t\u00e9m\u017ee roce za\u010dal studovat hru [&hellip;]<\/p>\n","protected":false},"author":1,"featured_media":0,"parent":0,"menu_order":0,"comment_status":"closed","ping_status":"closed","template":"","meta":{"footnotes":""},"class_list":["post-169","page","type-page","status-publish","hentry"],"yoast_head":"<!-- This site is optimized with the Yoast SEO plugin v27.3 - https:\/\/yoast.com\/product\/yoast-seo-wordpress\/ -->\n<title>O mn\u011b - Lev Rybalkin<\/title>\n<meta name=\"description\" content=\"Poskytuje producentstv\u00ed, vystoupen\u00ed na akc\u00edch, tour mana\u017eerstv\u00ed, ozvu\u010den\u00ed akc\u00ed, v\u00fduku klav\u00edru, skladatelstv\u00ed, zprost\u0159edkov\u00e1n\u00ed um\u011blc\u016f a dal\u0161\u00ed \u2026\" \/>\n<meta name=\"robots\" content=\"index, follow, max-snippet:-1, max-image-preview:large, max-video-preview:-1\" \/>\n<link rel=\"canonical\" href=\"https:\/\/levrybalkin.com\/en\/\" \/>\n<meta property=\"og:locale\" content=\"en_US\" \/>\n<meta property=\"og:type\" content=\"article\" \/>\n<meta property=\"og:title\" content=\"O mn\u011b - Lev Rybalkin\" \/>\n<meta property=\"og:description\" content=\"Poskytuje producentstv\u00ed, vystoupen\u00ed na akc\u00edch, tour mana\u017eerstv\u00ed, ozvu\u010den\u00ed akc\u00ed, v\u00fduku klav\u00edru, skladatelstv\u00ed, zprost\u0159edkov\u00e1n\u00ed um\u011blc\u016f a dal\u0161\u00ed \u2026\" \/>\n<meta property=\"og:url\" content=\"https:\/\/levrybalkin.com\/en\/\" \/>\n<meta property=\"og:site_name\" content=\"Lev Rybalkin\" \/>\n<meta property=\"article:modified_time\" content=\"2021-08-18T08:44:06+00:00\" \/>\n<meta property=\"og:image\" content=\"https:\/\/levrybalkin.com\/wp-content\/uploads\/2021\/08\/LR.jpg\" \/>\n<meta name=\"twitter:card\" content=\"summary_large_image\" \/>\n<meta name=\"twitter:label1\" content=\"Est. reading time\" \/>\n\t<meta name=\"twitter:data1\" content=\"4 minutes\" \/>\n<script type=\"application\/ld+json\" class=\"yoast-schema-graph\">{\"@context\":\"https:\\\/\\\/schema.org\",\"@graph\":[{\"@type\":\"WebPage\",\"@id\":\"https:\\\/\\\/levrybalkin.com\\\/\",\"url\":\"https:\\\/\\\/levrybalkin.com\\\/\",\"name\":\"O mn\u011b - Lev Rybalkin\",\"isPartOf\":{\"@id\":\"https:\\\/\\\/levrybalkin.com\\\/#website\"},\"primaryImageOfPage\":{\"@id\":\"https:\\\/\\\/levrybalkin.com\\\/#primaryimage\"},\"image\":{\"@id\":\"https:\\\/\\\/levrybalkin.com\\\/#primaryimage\"},\"thumbnailUrl\":\"https:\\\/\\\/levrybalkin.com\\\/wp-content\\\/uploads\\\/2021\\\/08\\\/LR.jpg\",\"datePublished\":\"2021-03-09T13:28:36+00:00\",\"dateModified\":\"2021-08-18T08:44:06+00:00\",\"description\":\"Poskytuje producentstv\u00ed, vystoupen\u00ed na akc\u00edch, tour mana\u017eerstv\u00ed, ozvu\u010den\u00ed akc\u00ed, v\u00fduku klav\u00edru, skladatelstv\u00ed, zprost\u0159edkov\u00e1n\u00ed um\u011blc\u016f a dal\u0161\u00ed \u2026\",\"breadcrumb\":{\"@id\":\"https:\\\/\\\/levrybalkin.com\\\/#breadcrumb\"},\"inLanguage\":\"en-US\",\"potentialAction\":[{\"@type\":\"ReadAction\",\"target\":[\"https:\\\/\\\/levrybalkin.com\\\/\"]}]},{\"@type\":\"ImageObject\",\"inLanguage\":\"en-US\",\"@id\":\"https:\\\/\\\/levrybalkin.com\\\/#primaryimage\",\"url\":\"https:\\\/\\\/levrybalkin.com\\\/wp-content\\\/uploads\\\/2021\\\/08\\\/LR.jpg\",\"contentUrl\":\"https:\\\/\\\/levrybalkin.com\\\/wp-content\\\/uploads\\\/2021\\\/08\\\/LR.jpg\"},{\"@type\":\"BreadcrumbList\",\"@id\":\"https:\\\/\\\/levrybalkin.com\\\/#breadcrumb\",\"itemListElement\":[{\"@type\":\"ListItem\",\"position\":1,\"name\":\"Home\",\"item\":\"https:\\\/\\\/levrybalkin.com\\\/\"},{\"@type\":\"ListItem\",\"position\":2,\"name\":\"O mn\u011b\"}]},{\"@type\":\"WebSite\",\"@id\":\"https:\\\/\\\/levrybalkin.com\\\/#website\",\"url\":\"https:\\\/\\\/levrybalkin.com\\\/\",\"name\":\"Lev Rybalkin\",\"description\":\"\",\"potentialAction\":[{\"@type\":\"SearchAction\",\"target\":{\"@type\":\"EntryPoint\",\"urlTemplate\":\"https:\\\/\\\/levrybalkin.com\\\/?s={search_term_string}\"},\"query-input\":{\"@type\":\"PropertyValueSpecification\",\"valueRequired\":true,\"valueName\":\"search_term_string\"}}],\"inLanguage\":\"en-US\"}]}<\/script>\n<!-- \/ Yoast SEO plugin. -->","yoast_head_json":{"title":"O mn\u011b - Lev Rybalkin","description":"Poskytuje producentstv\u00ed, vystoupen\u00ed na akc\u00edch, tour mana\u017eerstv\u00ed, ozvu\u010den\u00ed akc\u00ed, v\u00fduku klav\u00edru, skladatelstv\u00ed, zprost\u0159edkov\u00e1n\u00ed um\u011blc\u016f a dal\u0161\u00ed \u2026","robots":{"index":"index","follow":"follow","max-snippet":"max-snippet:-1","max-image-preview":"max-image-preview:large","max-video-preview":"max-video-preview:-1"},"canonical":"https:\/\/levrybalkin.com\/en\/","og_locale":"en_US","og_type":"article","og_title":"O mn\u011b - Lev Rybalkin","og_description":"Poskytuje producentstv\u00ed, vystoupen\u00ed na akc\u00edch, tour mana\u017eerstv\u00ed, ozvu\u010den\u00ed akc\u00ed, v\u00fduku klav\u00edru, skladatelstv\u00ed, zprost\u0159edkov\u00e1n\u00ed um\u011blc\u016f a dal\u0161\u00ed \u2026","og_url":"https:\/\/levrybalkin.com\/en\/","og_site_name":"Lev Rybalkin","article_modified_time":"2021-08-18T08:44:06+00:00","og_image":[{"url":"https:\/\/levrybalkin.com\/wp-content\/uploads\/2021\/08\/LR.jpg","type":"","width":"","height":""}],"twitter_card":"summary_large_image","twitter_misc":{"Est. reading time":"4 minutes"},"schema":{"@context":"https:\/\/schema.org","@graph":[{"@type":"WebPage","@id":"https:\/\/levrybalkin.com\/","url":"https:\/\/levrybalkin.com\/","name":"O mn\u011b - Lev Rybalkin","isPartOf":{"@id":"https:\/\/levrybalkin.com\/#website"},"primaryImageOfPage":{"@id":"https:\/\/levrybalkin.com\/#primaryimage"},"image":{"@id":"https:\/\/levrybalkin.com\/#primaryimage"},"thumbnailUrl":"https:\/\/levrybalkin.com\/wp-content\/uploads\/2021\/08\/LR.jpg","datePublished":"2021-03-09T13:28:36+00:00","dateModified":"2021-08-18T08:44:06+00:00","description":"Poskytuje producentstv\u00ed, vystoupen\u00ed na akc\u00edch, tour mana\u017eerstv\u00ed, ozvu\u010den\u00ed akc\u00ed, v\u00fduku klav\u00edru, skladatelstv\u00ed, zprost\u0159edkov\u00e1n\u00ed um\u011blc\u016f a dal\u0161\u00ed \u2026","breadcrumb":{"@id":"https:\/\/levrybalkin.com\/#breadcrumb"},"inLanguage":"en-US","potentialAction":[{"@type":"ReadAction","target":["https:\/\/levrybalkin.com\/"]}]},{"@type":"ImageObject","inLanguage":"en-US","@id":"https:\/\/levrybalkin.com\/#primaryimage","url":"https:\/\/levrybalkin.com\/wp-content\/uploads\/2021\/08\/LR.jpg","contentUrl":"https:\/\/levrybalkin.com\/wp-content\/uploads\/2021\/08\/LR.jpg"},{"@type":"BreadcrumbList","@id":"https:\/\/levrybalkin.com\/#breadcrumb","itemListElement":[{"@type":"ListItem","position":1,"name":"Home","item":"https:\/\/levrybalkin.com\/"},{"@type":"ListItem","position":2,"name":"O mn\u011b"}]},{"@type":"WebSite","@id":"https:\/\/levrybalkin.com\/#website","url":"https:\/\/levrybalkin.com\/","name":"Lev Rybalkin","description":"","potentialAction":[{"@type":"SearchAction","target":{"@type":"EntryPoint","urlTemplate":"https:\/\/levrybalkin.com\/?s={search_term_string}"},"query-input":{"@type":"PropertyValueSpecification","valueRequired":true,"valueName":"search_term_string"}}],"inLanguage":"en-US"}]}},"_links":{"self":[{"href":"https:\/\/levrybalkin.com\/en\/wp-json\/wp\/v2\/pages\/169","targetHints":{"allow":["GET"]}}],"collection":[{"href":"https:\/\/levrybalkin.com\/en\/wp-json\/wp\/v2\/pages"}],"about":[{"href":"https:\/\/levrybalkin.com\/en\/wp-json\/wp\/v2\/types\/page"}],"author":[{"embeddable":true,"href":"https:\/\/levrybalkin.com\/en\/wp-json\/wp\/v2\/users\/1"}],"replies":[{"embeddable":true,"href":"https:\/\/levrybalkin.com\/en\/wp-json\/wp\/v2\/comments?post=169"}],"version-history":[{"count":206,"href":"https:\/\/levrybalkin.com\/en\/wp-json\/wp\/v2\/pages\/169\/revisions"}],"predecessor-version":[{"id":1234,"href":"https:\/\/levrybalkin.com\/en\/wp-json\/wp\/v2\/pages\/169\/revisions\/1234"}],"wp:attachment":[{"href":"https:\/\/levrybalkin.com\/en\/wp-json\/wp\/v2\/media?parent=169"}],"curies":[{"name":"wp","href":"https:\/\/api.w.org\/{rel}","templated":true}]}}