{"id":1170,"date":"2021-06-10T08:19:42","date_gmt":"2021-06-10T08:19:42","guid":{"rendered":"https:\/\/levrybalkin.com.a6.abuco.cz\/?page_id=1170"},"modified":"2021-06-10T10:43:38","modified_gmt":"2021-06-10T10:43:38","slug":"photos","status":"publish","type":"page","link":"https:\/\/levrybalkin.com\/en\/photos\/","title":{"rendered":"Photo Galleries"},"content":{"rendered":"<p><a href=\"https:\/\/levrybalkin.com\/en\/photos\/yamaha\/\"><strong>Yamaha<\/strong><img fetchpriority=\"high\" decoding=\"async\" class=\"alignnone size-medium wp-image-315\" src=\"https:\/\/levrybalkin.com\/wp-content\/uploads\/2021\/03\/Yamaha-1-300x193.jpg\" alt=\"lev\" width=\"300\" height=\"193\" srcset=\"https:\/\/levrybalkin.com\/wp-content\/uploads\/2021\/03\/Yamaha-1-300x193.jpg 300w, https:\/\/levrybalkin.com\/wp-content\/uploads\/2021\/03\/Yamaha-1-16x10.jpg 16w, https:\/\/levrybalkin.com\/wp-content\/uploads\/2021\/03\/Yamaha-1.jpg 480w\" sizes=\"(max-width: 300px) 100vw, 300px\" \/><\/a><\/p>\n<p><a href=\"https:\/\/levrybalkin.com\/en\/photos\/jazz-fest-kv-2004\/\"><strong>Jazz Fest KV 2004<\/strong><img decoding=\"async\" class=\"alignnone size-medium wp-image-322\" src=\"https:\/\/levrybalkin.com\/wp-content\/uploads\/2021\/03\/AnyConv.com__LevHiram-264x300.jpg\" alt=\"people\" width=\"264\" height=\"300\" srcset=\"https:\/\/levrybalkin.com\/wp-content\/uploads\/2021\/03\/AnyConv.com__LevHiram-264x300.jpg 264w, https:\/\/levrybalkin.com\/wp-content\/uploads\/2021\/03\/AnyConv.com__LevHiram-11x12.jpg 11w, https:\/\/levrybalkin.com\/wp-content\/uploads\/2021\/03\/AnyConv.com__LevHiram.jpg 422w\" sizes=\"(max-width: 264px) 100vw, 264px\" \/><\/a><\/p>\n<p><a href=\"https:\/\/levrybalkin.com\/en\/photos\/retro-club-2006\/\"><strong>Retro club 2006<\/strong><img decoding=\"async\" class=\"alignnone size-medium wp-image-343\" src=\"https:\/\/levrybalkin.com\/wp-content\/uploads\/2021\/03\/1-300x300.jpg\" alt=\"people\" width=\"300\" height=\"300\" srcset=\"https:\/\/levrybalkin.com\/wp-content\/uploads\/2021\/03\/1-300x300.jpg 300w, https:\/\/levrybalkin.com\/wp-content\/uploads\/2021\/03\/1-150x150.jpg 150w, https:\/\/levrybalkin.com\/wp-content\/uploads\/2021\/03\/1-12x12.jpg 12w, https:\/\/levrybalkin.com\/wp-content\/uploads\/2021\/03\/1.jpg 480w\" sizes=\"(max-width: 300px) 100vw, 300px\" \/><\/a><\/p>\n<p><a href=\"https:\/\/levrybalkin.com\/en\/photos\/victor-wooten-band-kv-jazz-fest-2007\/\"><strong>Victor Wooten Band &#8211; KV Jazz Fest 2007<\/strong><img loading=\"lazy\" decoding=\"async\" class=\"alignnone size-medium wp-image-374\" src=\"https:\/\/levrybalkin.com\/wp-content\/uploads\/2021\/03\/AnyConv.com__SaundraLevRickyRegi-300x200.jpg\" alt=\"people\" width=\"300\" height=\"200\" srcset=\"https:\/\/levrybalkin.com\/wp-content\/uploads\/2021\/03\/AnyConv.com__SaundraLevRickyRegi-300x200.jpg 300w, https:\/\/levrybalkin.com\/wp-content\/uploads\/2021\/03\/AnyConv.com__SaundraLevRickyRegi-16x12.jpg 16w, https:\/\/levrybalkin.com\/wp-content\/uploads\/2021\/03\/AnyConv.com__SaundraLevRickyRegi.jpg 550w\" sizes=\"(max-width: 300px) 100vw, 300px\" \/><\/a><\/p>\n<p><a href=\"https:\/\/levrybalkin.com\/en\/photos\/trio-zelenkova\/\"><strong>Jitka Zelenkov\u00e1 Trio<\/strong><img loading=\"lazy\" decoding=\"async\" class=\"alignnone size-medium wp-image-335\" src=\"https:\/\/levrybalkin.com\/wp-content\/uploads\/2021\/03\/AnyConv.com__TRIO-300x217.jpg\" alt=\"people\" width=\"300\" height=\"217\" srcset=\"https:\/\/levrybalkin.com\/wp-content\/uploads\/2021\/03\/AnyConv.com__TRIO-300x217.jpg 300w, https:\/\/levrybalkin.com\/wp-content\/uploads\/2021\/03\/AnyConv.com__TRIO-16x12.jpg 16w, https:\/\/levrybalkin.com\/wp-content\/uploads\/2021\/03\/AnyConv.com__TRIO.jpg 550w\" sizes=\"(max-width: 300px) 100vw, 300px\" \/><\/a><\/p>\n<p><a href=\"https:\/\/levrybalkin.com\/en\/photos\/wsm-and-hiram-cheb-2006\/\"><strong>WSM&amp;Hiram &#8211; Cheb 2006<\/strong><img loading=\"lazy\" decoding=\"async\" class=\"alignnone size-medium wp-image-383\" src=\"https:\/\/levrybalkin.com\/wp-content\/uploads\/2021\/03\/AnyConv.com__Cheb05-300x226.jpg\" alt=\"people\" width=\"300\" height=\"226\" srcset=\"https:\/\/levrybalkin.com\/wp-content\/uploads\/2021\/03\/AnyConv.com__Cheb05-300x226.jpg 300w, https:\/\/levrybalkin.com\/wp-content\/uploads\/2021\/03\/AnyConv.com__Cheb05-16x12.jpg 16w, https:\/\/levrybalkin.com\/wp-content\/uploads\/2021\/03\/AnyConv.com__Cheb05.jpg 550w\" sizes=\"(max-width: 300px) 100vw, 300px\" \/><\/a><\/p>\n<p><a href=\"https:\/\/levrybalkin.com\/en\/photos\/wsm-many-faces-tour-2012\/\"><strong>WSM &#8222;Many Faces&#8220; Tour 2012<\/strong><img loading=\"lazy\" decoding=\"async\" class=\"alignnone size-medium wp-image-393\" src=\"https:\/\/levrybalkin.com\/wp-content\/uploads\/2021\/03\/2-1-288x300.jpg\" alt=\"people\" width=\"288\" height=\"300\" srcset=\"https:\/\/levrybalkin.com\/wp-content\/uploads\/2021\/03\/2-1-288x300.jpg 288w, https:\/\/levrybalkin.com\/wp-content\/uploads\/2021\/03\/2-1-12x12.jpg 12w, https:\/\/levrybalkin.com\/wp-content\/uploads\/2021\/03\/2-1.jpg 528w\" sizes=\"(max-width: 288px) 100vw, 288px\" \/><\/a><\/p>\n<p><a href=\"https:\/\/levrybalkin.com\/en\/photos\/ruzne\/\"><strong>Various<\/strong><img loading=\"lazy\" decoding=\"async\" class=\"alignnone size-medium wp-image-362\" src=\"https:\/\/levrybalkin.com\/wp-content\/uploads\/2021\/03\/AnyConv.com__Lev-300x204.jpg\" alt=\"lev\" width=\"300\" height=\"204\" srcset=\"https:\/\/levrybalkin.com\/wp-content\/uploads\/2021\/03\/AnyConv.com__Lev-300x204.jpg 300w, https:\/\/levrybalkin.com\/wp-content\/uploads\/2021\/03\/AnyConv.com__Lev-16x12.jpg 16w, https:\/\/levrybalkin.com\/wp-content\/uploads\/2021\/03\/AnyConv.com__Lev.jpg 550w\" sizes=\"(max-width: 300px) 100vw, 300px\" \/><\/a><\/p>","protected":false},"excerpt":{"rendered":"<p>Yamaha Jazz Fest KV 2004 Retro club 2006 Victor Wooten Band &#8211; KV Jazz Fest 2007 Jitka Zelenkov\u00e1 Trio WSM&amp;Hiram &#8211; Cheb 2006 WSM &#8222;Many Faces&#8220; Tour 2012 R\u016fzn\u00e9<\/p>","protected":false},"author":1,"featured_media":0,"parent":0,"menu_order":0,"comment_status":"closed","ping_status":"closed","template":"","meta":{"footnotes":""},"class_list":["post-1170","page","type-page","status-publish","hentry"],"yoast_head":"<!-- This site is optimized with the Yoast SEO plugin v27.5 - https:\/\/yoast.com\/product\/yoast-seo-wordpress\/ -->\n<title>Fotogalerie - Lev Rybalkin<\/title>\n<meta name=\"robots\" content=\"index, follow, max-snippet:-1, max-image-preview:large, max-video-preview:-1\" \/>\n<link rel=\"canonical\" href=\"https:\/\/levrybalkin.com\/en\/photos\/\" \/>\n<meta property=\"og:locale\" content=\"en_US\" \/>\n<meta property=\"og:type\" content=\"article\" \/>\n<meta property=\"og:title\" content=\"Fotogalerie - Lev Rybalkin\" \/>\n<meta property=\"og:description\" content=\"Yamaha Jazz Fest KV 2004 Retro club 2006 Victor Wooten Band &#8211; KV Jazz Fest 2007 Jitka Zelenkov\u00e1 Trio WSM&amp;Hiram &#8211; Cheb 2006 WSM &#8222;Many Faces&#8220; Tour 2012 R\u016fzn\u00e9\" \/>\n<meta property=\"og:url\" content=\"https:\/\/levrybalkin.com\/en\/photos\/\" \/>\n<meta property=\"og:site_name\" content=\"Lev Rybalkin\" \/>\n<meta property=\"article:modified_time\" content=\"2021-06-10T10:43:38+00:00\" \/>\n<meta property=\"og:image\" content=\"https:\/\/levrybalkin.com\/wp-content\/uploads\/2021\/03\/Yamaha-1-300x193.jpg\" \/>\n<meta name=\"twitter:card\" content=\"summary_large_image\" \/>\n<meta name=\"twitter:label1\" content=\"Est. reading time\" \/>\n\t<meta name=\"twitter:data1\" content=\"2 minutes\" \/>\n<script type=\"application\/ld+json\" class=\"yoast-schema-graph\">{\"@context\":\"https:\\\/\\\/schema.org\",\"@graph\":[{\"@type\":\"WebPage\",\"@id\":\"https:\\\/\\\/levrybalkin.com\\\/photos\\\/\",\"url\":\"https:\\\/\\\/levrybalkin.com\\\/photos\\\/\",\"name\":\"Fotogalerie - Lev Rybalkin\",\"isPartOf\":{\"@id\":\"https:\\\/\\\/levrybalkin.com\\\/#website\"},\"primaryImageOfPage\":{\"@id\":\"https:\\\/\\\/levrybalkin.com\\\/photos\\\/#primaryimage\"},\"image\":{\"@id\":\"https:\\\/\\\/levrybalkin.com\\\/photos\\\/#primaryimage\"},\"thumbnailUrl\":\"https:\\\/\\\/levrybalkin.com\\\/wp-content\\\/uploads\\\/2021\\\/03\\\/Yamaha-1-300x193.jpg\",\"datePublished\":\"2021-06-10T08:19:42+00:00\",\"dateModified\":\"2021-06-10T10:43:38+00:00\",\"breadcrumb\":{\"@id\":\"https:\\\/\\\/levrybalkin.com\\\/photos\\\/#breadcrumb\"},\"inLanguage\":\"en-US\",\"potentialAction\":[{\"@type\":\"ReadAction\",\"target\":[\"https:\\\/\\\/levrybalkin.com\\\/photos\\\/\"]}]},{\"@type\":\"ImageObject\",\"inLanguage\":\"en-US\",\"@id\":\"https:\\\/\\\/levrybalkin.com\\\/photos\\\/#primaryimage\",\"url\":\"https:\\\/\\\/levrybalkin.com\\\/wp-content\\\/uploads\\\/2021\\\/03\\\/Yamaha-1-300x193.jpg\",\"contentUrl\":\"https:\\\/\\\/levrybalkin.com\\\/wp-content\\\/uploads\\\/2021\\\/03\\\/Yamaha-1-300x193.jpg\"},{\"@type\":\"BreadcrumbList\",\"@id\":\"https:\\\/\\\/levrybalkin.com\\\/photos\\\/#breadcrumb\",\"itemListElement\":[{\"@type\":\"ListItem\",\"position\":1,\"name\":\"Home\",\"item\":\"https:\\\/\\\/levrybalkin.com\\\/\"},{\"@type\":\"ListItem\",\"position\":2,\"name\":\"Fotogalerie\"}]},{\"@type\":\"WebSite\",\"@id\":\"https:\\\/\\\/levrybalkin.com\\\/#website\",\"url\":\"https:\\\/\\\/levrybalkin.com\\\/\",\"name\":\"Lev Rybalkin\",\"description\":\"\",\"potentialAction\":[{\"@type\":\"SearchAction\",\"target\":{\"@type\":\"EntryPoint\",\"urlTemplate\":\"https:\\\/\\\/levrybalkin.com\\\/?s={search_term_string}\"},\"query-input\":{\"@type\":\"PropertyValueSpecification\",\"valueRequired\":true,\"valueName\":\"search_term_string\"}}],\"inLanguage\":\"en-US\"}]}<\/script>\n<!-- \/ Yoast SEO plugin. -->","yoast_head_json":{"title":"Fotogalerie - Lev Rybalkin","robots":{"index":"index","follow":"follow","max-snippet":"max-snippet:-1","max-image-preview":"max-image-preview:large","max-video-preview":"max-video-preview:-1"},"canonical":"https:\/\/levrybalkin.com\/en\/photos\/","og_locale":"en_US","og_type":"article","og_title":"Fotogalerie - Lev Rybalkin","og_description":"Yamaha Jazz Fest KV 2004 Retro club 2006 Victor Wooten Band &#8211; KV Jazz Fest 2007 Jitka Zelenkov\u00e1 Trio WSM&amp;Hiram &#8211; Cheb 2006 WSM &#8222;Many Faces&#8220; Tour 2012 R\u016fzn\u00e9","og_url":"https:\/\/levrybalkin.com\/en\/photos\/","og_site_name":"Lev Rybalkin","article_modified_time":"2021-06-10T10:43:38+00:00","og_image":[{"url":"https:\/\/levrybalkin.com\/wp-content\/uploads\/2021\/03\/Yamaha-1-300x193.jpg","type":"","width":"","height":""}],"twitter_card":"summary_large_image","twitter_misc":{"Est. reading time":"2 minutes"},"schema":{"@context":"https:\/\/schema.org","@graph":[{"@type":"WebPage","@id":"https:\/\/levrybalkin.com\/photos\/","url":"https:\/\/levrybalkin.com\/photos\/","name":"Fotogalerie - Lev Rybalkin","isPartOf":{"@id":"https:\/\/levrybalkin.com\/#website"},"primaryImageOfPage":{"@id":"https:\/\/levrybalkin.com\/photos\/#primaryimage"},"image":{"@id":"https:\/\/levrybalkin.com\/photos\/#primaryimage"},"thumbnailUrl":"https:\/\/levrybalkin.com\/wp-content\/uploads\/2021\/03\/Yamaha-1-300x193.jpg","datePublished":"2021-06-10T08:19:42+00:00","dateModified":"2021-06-10T10:43:38+00:00","breadcrumb":{"@id":"https:\/\/levrybalkin.com\/photos\/#breadcrumb"},"inLanguage":"en-US","potentialAction":[{"@type":"ReadAction","target":["https:\/\/levrybalkin.com\/photos\/"]}]},{"@type":"ImageObject","inLanguage":"en-US","@id":"https:\/\/levrybalkin.com\/photos\/#primaryimage","url":"https:\/\/levrybalkin.com\/wp-content\/uploads\/2021\/03\/Yamaha-1-300x193.jpg","contentUrl":"https:\/\/levrybalkin.com\/wp-content\/uploads\/2021\/03\/Yamaha-1-300x193.jpg"},{"@type":"BreadcrumbList","@id":"https:\/\/levrybalkin.com\/photos\/#breadcrumb","itemListElement":[{"@type":"ListItem","position":1,"name":"Home","item":"https:\/\/levrybalkin.com\/"},{"@type":"ListItem","position":2,"name":"Fotogalerie"}]},{"@type":"WebSite","@id":"https:\/\/levrybalkin.com\/#website","url":"https:\/\/levrybalkin.com\/","name":"Lev Rybalkin","description":"","potentialAction":[{"@type":"SearchAction","target":{"@type":"EntryPoint","urlTemplate":"https:\/\/levrybalkin.com\/?s={search_term_string}"},"query-input":{"@type":"PropertyValueSpecification","valueRequired":true,"valueName":"search_term_string"}}],"inLanguage":"en-US"}]}},"_links":{"self":[{"href":"https:\/\/levrybalkin.com\/en\/wp-json\/wp\/v2\/pages\/1170","targetHints":{"allow":["GET"]}}],"collection":[{"href":"https:\/\/levrybalkin.com\/en\/wp-json\/wp\/v2\/pages"}],"about":[{"href":"https:\/\/levrybalkin.com\/en\/wp-json\/wp\/v2\/types\/page"}],"author":[{"embeddable":true,"href":"https:\/\/levrybalkin.com\/en\/wp-json\/wp\/v2\/users\/1"}],"replies":[{"embeddable":true,"href":"https:\/\/levrybalkin.com\/en\/wp-json\/wp\/v2\/comments?post=1170"}],"version-history":[{"count":8,"href":"https:\/\/levrybalkin.com\/en\/wp-json\/wp\/v2\/pages\/1170\/revisions"}],"predecessor-version":[{"id":1181,"href":"https:\/\/levrybalkin.com\/en\/wp-json\/wp\/v2\/pages\/1170\/revisions\/1181"}],"wp:attachment":[{"href":"https:\/\/levrybalkin.com\/en\/wp-json\/wp\/v2\/media?parent=1170"}],"curies":[{"name":"wp","href":"https:\/\/api.w.org\/{rel}","templated":true}]}}