{"id":1147,"date":"2021-06-09T12:20:59","date_gmt":"2021-06-09T12:20:59","guid":{"rendered":"https:\/\/levrybalkin.com.a6.abuco.cz\/?page_id=1147"},"modified":"2021-06-30T08:23:00","modified_gmt":"2021-06-30T08:23:00","slug":"video","status":"publish","type":"page","link":"https:\/\/levrybalkin.com\/en\/video\/","title":{"rendered":"Video"},"content":{"rendered":"<div data-elementor-type=\"wp-page\" data-elementor-id=\"1147\" class=\"elementor elementor-1147\">\n\t\t\t\t\t\t<section class=\"elementor-section elementor-top-section elementor-element elementor-element-7b195189 elementor-section-boxed elementor-section-height-default elementor-section-height-default\" data-id=\"7b195189\" data-element_type=\"section\" data-e-type=\"section\">\n\t\t\t\t\t\t<div class=\"elementor-container elementor-column-gap-default\">\n\t\t\t\t\t<div class=\"elementor-column elementor-col-100 elementor-top-column elementor-element elementor-element-1e008093\" data-id=\"1e008093\" data-element_type=\"column\" data-e-type=\"column\">\n\t\t\t<div class=\"elementor-widget-wrap elementor-element-populated\">\n\t\t\t\t\t\t<div class=\"elementor-element elementor-element-526d418f elementor-widget elementor-widget-text-editor\" data-id=\"526d418f\" data-element_type=\"widget\" data-e-type=\"widget\" data-widget_type=\"text-editor.default\">\n\t\t\t\t<div class=\"elementor-widget-container\">\n\t\t\t\t\t\t\t\t\t<iframe title=\"Jitka Zelenkov\u00e1 - V\u011b\u0159 mi\" width=\"500\" height=\"281\" src=\"https:\/\/www.youtube.com\/embed\/ocWHswegMs8?feature=oembed\" frameborder=\"0\" allow=\"accelerometer; autoplay; clipboard-write; encrypted-media; gyroscope; picture-in-picture; web-share\" referrerpolicy=\"strict-origin-when-cross-origin\" allowfullscreen><\/iframe>\n\n<iframe title=\"Work, Shop &amp; More with Hiram Bullock - Give &#039;em The Rock\" width=\"500\" height=\"281\" src=\"https:\/\/www.youtube.com\/embed\/K-24WRYraPo?feature=oembed\" frameborder=\"0\" allow=\"accelerometer; autoplay; clipboard-write; encrypted-media; gyroscope; picture-in-picture; web-share\" referrerpolicy=\"strict-origin-when-cross-origin\" allowfullscreen><\/iframe>\n\n<iframe title=\"Work, Shop &amp; More with Hiram Bullock - Just A Hope\" width=\"500\" height=\"281\" src=\"https:\/\/www.youtube.com\/embed\/n-SFDTAifr0?feature=oembed\" frameborder=\"0\" allow=\"accelerometer; autoplay; clipboard-write; encrypted-media; gyroscope; picture-in-picture; web-share\" referrerpolicy=\"strict-origin-when-cross-origin\" allowfullscreen><\/iframe>\n\n<iframe title=\"Work, Shop &amp; More with Hiram Bullock - Try Livin&#039; It\" width=\"500\" height=\"281\" src=\"https:\/\/www.youtube.com\/embed\/jkSTW4dK6mg?feature=oembed\" frameborder=\"0\" allow=\"accelerometer; autoplay; clipboard-write; encrypted-media; gyroscope; picture-in-picture; web-share\" referrerpolicy=\"strict-origin-when-cross-origin\" allowfullscreen><\/iframe>\n\n<iframe title=\"Work, Shop &amp; More with Hiram Bullock - Rampage\" width=\"500\" height=\"281\" src=\"https:\/\/www.youtube.com\/embed\/pwUWCOm5k8g?feature=oembed\" frameborder=\"0\" allow=\"accelerometer; autoplay; clipboard-write; encrypted-media; gyroscope; picture-in-picture; web-share\" referrerpolicy=\"strict-origin-when-cross-origin\" allowfullscreen><\/iframe>\n\n<iframe title=\"Work, Shop &amp; More with Hiram Bullock - Snakes\" width=\"500\" height=\"281\" src=\"https:\/\/www.youtube.com\/embed\/TqALbIBOJZw?feature=oembed\" frameborder=\"0\" allow=\"accelerometer; autoplay; clipboard-write; encrypted-media; gyroscope; picture-in-picture; web-share\" referrerpolicy=\"strict-origin-when-cross-origin\" allowfullscreen><\/iframe>\n\n<iframe title=\"Work, Shop &amp; More with Hiram Bullock - Gazoot\" width=\"500\" height=\"281\" src=\"https:\/\/www.youtube.com\/embed\/wwTiDHu_aeg?feature=oembed\" frameborder=\"0\" allow=\"accelerometer; autoplay; clipboard-write; encrypted-media; gyroscope; picture-in-picture; web-share\" referrerpolicy=\"strict-origin-when-cross-origin\" allowfullscreen><\/iframe>\n\n<iframe title=\"Work, Shop &amp; More with Hiram Bullock - Once You&#039;&#039;ll Understand\" width=\"500\" height=\"281\" src=\"https:\/\/www.youtube.com\/embed\/cDpj36w0aiY?feature=oembed\" frameborder=\"0\" allow=\"accelerometer; autoplay; clipboard-write; encrypted-media; gyroscope; picture-in-picture; web-share\" referrerpolicy=\"strict-origin-when-cross-origin\" allowfullscreen><\/iframe>\n\n<iframe title=\"Work, Shop &amp; More with Hiram Bullock - Born To Love You\" width=\"500\" height=\"281\" src=\"https:\/\/www.youtube.com\/embed\/U_xTtzztSU0?feature=oembed\" frameborder=\"0\" allow=\"accelerometer; autoplay; clipboard-write; encrypted-media; gyroscope; picture-in-picture; web-share\" referrerpolicy=\"strict-origin-when-cross-origin\" allowfullscreen><\/iframe>\n\n<iframe title=\"Work, Shop &amp; More with Hiram Bullock - Can&#039;t Fight The Funk\" width=\"500\" height=\"281\" src=\"https:\/\/www.youtube.com\/embed\/nGDoHLpkZSs?feature=oembed\" frameborder=\"0\" allow=\"accelerometer; autoplay; clipboard-write; encrypted-media; gyroscope; picture-in-picture; web-share\" referrerpolicy=\"strict-origin-when-cross-origin\" allowfullscreen><\/iframe>\n\n<iframe title=\"WORK, SHOP &amp; MORE | Prague Retro Music Hall, 2012 | Track 1 &amp; 2\" width=\"500\" height=\"281\" src=\"https:\/\/www.youtube.com\/embed\/zNoNa0vRiHc?feature=oembed\" frameborder=\"0\" allow=\"accelerometer; autoplay; clipboard-write; encrypted-media; gyroscope; picture-in-picture; web-share\" referrerpolicy=\"strict-origin-when-cross-origin\" allowfullscreen><\/iframe>\n\n<iframe title=\"Freda Goodlett and Dasha (CZE) with &quot;Work, Shop&amp;More&quot; perfoming &quot;Get it together&quot;\" width=\"500\" height=\"281\" src=\"https:\/\/www.youtube.com\/embed\/FkLRjKWu8rw?feature=oembed\" frameborder=\"0\" allow=\"accelerometer; autoplay; clipboard-write; encrypted-media; gyroscope; picture-in-picture; web-share\" referrerpolicy=\"strict-origin-when-cross-origin\" allowfullscreen><\/iframe>\n\n<iframe title=\"Ruchadze Band - Amsterdam Beyond - Amsterdamn Blues\" width=\"500\" height=\"375\" src=\"https:\/\/www.youtube.com\/embed\/8sYsHwYOn80?feature=oembed\" frameborder=\"0\" allow=\"accelerometer; autoplay; clipboard-write; encrypted-media; gyroscope; picture-in-picture; web-share\" referrerpolicy=\"strict-origin-when-cross-origin\" allowfullscreen><\/iframe>\n\n<iframe title=\"Hiram-I shot the sheriff.AVI\" width=\"500\" height=\"375\" src=\"https:\/\/www.youtube.com\/embed\/JB6YHOm1LHo?feature=oembed\" frameborder=\"0\" allow=\"accelerometer; autoplay; clipboard-write; encrypted-media; gyroscope; picture-in-picture; web-share\" referrerpolicy=\"strict-origin-when-cross-origin\" allowfullscreen><\/iframe>\n\n<iframe title=\"Hiram-Try to livin&#039; it 1.AVI\" width=\"500\" height=\"375\" src=\"https:\/\/www.youtube.com\/embed\/Bp9_tMSBlC4?feature=oembed\" frameborder=\"0\" allow=\"accelerometer; autoplay; clipboard-write; encrypted-media; gyroscope; picture-in-picture; web-share\" referrerpolicy=\"strict-origin-when-cross-origin\" allowfullscreen><\/iframe>\n\n<iframe title=\"Hiram-Try to livin&#039; it 2.AVI\" width=\"500\" height=\"375\" src=\"https:\/\/www.youtube.com\/embed\/S3pC4iNgYqE?feature=oembed\" frameborder=\"0\" allow=\"accelerometer; autoplay; clipboard-write; encrypted-media; gyroscope; picture-in-picture; web-share\" referrerpolicy=\"strict-origin-when-cross-origin\" allowfullscreen><\/iframe>\n\n<iframe title=\"Work, Shop &amp; More with Hiram Bullock - Missing You Tonight\" width=\"500\" height=\"281\" src=\"https:\/\/www.youtube.com\/embed\/yBVug2aav4M?feature=oembed\" frameborder=\"0\" allow=\"accelerometer; autoplay; clipboard-write; encrypted-media; gyroscope; picture-in-picture; web-share\" referrerpolicy=\"strict-origin-when-cross-origin\" allowfullscreen><\/iframe>\n\n<iframe title=\"Work, Shop &amp; More with Hiram Bullock - You Get It Right\" width=\"500\" height=\"281\" src=\"https:\/\/www.youtube.com\/embed\/alYy6iYkuaA?feature=oembed\" frameborder=\"0\" allow=\"accelerometer; autoplay; clipboard-write; encrypted-media; gyroscope; picture-in-picture; web-share\" referrerpolicy=\"strict-origin-when-cross-origin\" allowfullscreen><\/iframe>\n\n<iframe title=\"Intimity 2020: Jitka Zelenkov\u00e1 ve videosetu k albu Intimity\" width=\"500\" height=\"281\" src=\"https:\/\/www.youtube.com\/embed\/wbsPtNpmnmA?feature=oembed\" frameborder=\"0\" allow=\"accelerometer; autoplay; clipboard-write; encrypted-media; gyroscope; picture-in-picture; web-share\" referrerpolicy=\"strict-origin-when-cross-origin\" allowfullscreen><\/iframe>\n\n<iframe title=\"Jitka Zelenkov\u00e1 - Sem tam\" width=\"500\" height=\"281\" src=\"https:\/\/www.youtube.com\/embed\/Eb-uOYFEYFc?feature=oembed\" frameborder=\"0\" allow=\"accelerometer; autoplay; clipboard-write; encrypted-media; gyroscope; picture-in-picture; web-share\" referrerpolicy=\"strict-origin-when-cross-origin\" allowfullscreen><\/iframe>\t\t\t\t\t\t\t\t<\/div>\n\t\t\t\t<\/div>\n\t\t\t\t\t<\/div>\n\t\t<\/div>\n\t\t\t\t\t<\/div>\n\t\t<\/section>\n\t\t\t\t<\/div>","protected":false},"excerpt":{"rendered":"","protected":false},"author":1,"featured_media":0,"parent":0,"menu_order":0,"comment_status":"closed","ping_status":"closed","template":"","meta":{"footnotes":""},"class_list":["post-1147","page","type-page","status-publish","hentry"],"yoast_head":"<!-- This site is optimized with the Yoast SEO plugin v27.3 - https:\/\/yoast.com\/product\/yoast-seo-wordpress\/ -->\n<title>Video - Lev Rybalkin<\/title>\n<meta name=\"robots\" content=\"index, follow, max-snippet:-1, max-image-preview:large, max-video-preview:-1\" \/>\n<link rel=\"canonical\" href=\"https:\/\/levrybalkin.com\/en\/video\/\" \/>\n<meta property=\"og:locale\" content=\"en_US\" \/>\n<meta property=\"og:type\" content=\"article\" \/>\n<meta property=\"og:title\" content=\"Video - Lev Rybalkin\" \/>\n<meta property=\"og:url\" content=\"https:\/\/levrybalkin.com\/en\/video\/\" \/>\n<meta property=\"og:site_name\" content=\"Lev Rybalkin\" \/>\n<meta property=\"article:modified_time\" content=\"2021-06-30T08:23:00+00:00\" \/>\n<meta name=\"twitter:card\" content=\"summary_large_image\" \/>\n<script type=\"application\/ld+json\" class=\"yoast-schema-graph\">{\"@context\":\"https:\\\/\\\/schema.org\",\"@graph\":[{\"@type\":\"WebPage\",\"@id\":\"https:\\\/\\\/levrybalkin.com\\\/video\\\/\",\"url\":\"https:\\\/\\\/levrybalkin.com\\\/video\\\/\",\"name\":\"Video - Lev Rybalkin\",\"isPartOf\":{\"@id\":\"https:\\\/\\\/levrybalkin.com\\\/#website\"},\"datePublished\":\"2021-06-09T12:20:59+00:00\",\"dateModified\":\"2021-06-30T08:23:00+00:00\",\"breadcrumb\":{\"@id\":\"https:\\\/\\\/levrybalkin.com\\\/video\\\/#breadcrumb\"},\"inLanguage\":\"en-US\",\"potentialAction\":[{\"@type\":\"ReadAction\",\"target\":[\"https:\\\/\\\/levrybalkin.com\\\/video\\\/\"]}]},{\"@type\":\"BreadcrumbList\",\"@id\":\"https:\\\/\\\/levrybalkin.com\\\/video\\\/#breadcrumb\",\"itemListElement\":[{\"@type\":\"ListItem\",\"position\":1,\"name\":\"Home\",\"item\":\"https:\\\/\\\/levrybalkin.com\\\/\"},{\"@type\":\"ListItem\",\"position\":2,\"name\":\"Video\"}]},{\"@type\":\"WebSite\",\"@id\":\"https:\\\/\\\/levrybalkin.com\\\/#website\",\"url\":\"https:\\\/\\\/levrybalkin.com\\\/\",\"name\":\"Lev Rybalkin\",\"description\":\"\",\"potentialAction\":[{\"@type\":\"SearchAction\",\"target\":{\"@type\":\"EntryPoint\",\"urlTemplate\":\"https:\\\/\\\/levrybalkin.com\\\/?s={search_term_string}\"},\"query-input\":{\"@type\":\"PropertyValueSpecification\",\"valueRequired\":true,\"valueName\":\"search_term_string\"}}],\"inLanguage\":\"en-US\"}]}<\/script>\n<!-- \/ Yoast SEO plugin. -->","yoast_head_json":{"title":"Video - Lev Rybalkin","robots":{"index":"index","follow":"follow","max-snippet":"max-snippet:-1","max-image-preview":"max-image-preview:large","max-video-preview":"max-video-preview:-1"},"canonical":"https:\/\/levrybalkin.com\/en\/video\/","og_locale":"en_US","og_type":"article","og_title":"Video - Lev Rybalkin","og_url":"https:\/\/levrybalkin.com\/en\/video\/","og_site_name":"Lev Rybalkin","article_modified_time":"2021-06-30T08:23:00+00:00","twitter_card":"summary_large_image","schema":{"@context":"https:\/\/schema.org","@graph":[{"@type":"WebPage","@id":"https:\/\/levrybalkin.com\/video\/","url":"https:\/\/levrybalkin.com\/video\/","name":"Video - Lev Rybalkin","isPartOf":{"@id":"https:\/\/levrybalkin.com\/#website"},"datePublished":"2021-06-09T12:20:59+00:00","dateModified":"2021-06-30T08:23:00+00:00","breadcrumb":{"@id":"https:\/\/levrybalkin.com\/video\/#breadcrumb"},"inLanguage":"en-US","potentialAction":[{"@type":"ReadAction","target":["https:\/\/levrybalkin.com\/video\/"]}]},{"@type":"BreadcrumbList","@id":"https:\/\/levrybalkin.com\/video\/#breadcrumb","itemListElement":[{"@type":"ListItem","position":1,"name":"Home","item":"https:\/\/levrybalkin.com\/"},{"@type":"ListItem","position":2,"name":"Video"}]},{"@type":"WebSite","@id":"https:\/\/levrybalkin.com\/#website","url":"https:\/\/levrybalkin.com\/","name":"Lev Rybalkin","description":"","potentialAction":[{"@type":"SearchAction","target":{"@type":"EntryPoint","urlTemplate":"https:\/\/levrybalkin.com\/?s={search_term_string}"},"query-input":{"@type":"PropertyValueSpecification","valueRequired":true,"valueName":"search_term_string"}}],"inLanguage":"en-US"}]}},"_links":{"self":[{"href":"https:\/\/levrybalkin.com\/en\/wp-json\/wp\/v2\/pages\/1147","targetHints":{"allow":["GET"]}}],"collection":[{"href":"https:\/\/levrybalkin.com\/en\/wp-json\/wp\/v2\/pages"}],"about":[{"href":"https:\/\/levrybalkin.com\/en\/wp-json\/wp\/v2\/types\/page"}],"author":[{"embeddable":true,"href":"https:\/\/levrybalkin.com\/en\/wp-json\/wp\/v2\/users\/1"}],"replies":[{"embeddable":true,"href":"https:\/\/levrybalkin.com\/en\/wp-json\/wp\/v2\/comments?post=1147"}],"version-history":[{"count":7,"href":"https:\/\/levrybalkin.com\/en\/wp-json\/wp\/v2\/pages\/1147\/revisions"}],"predecessor-version":[{"id":1214,"href":"https:\/\/levrybalkin.com\/en\/wp-json\/wp\/v2\/pages\/1147\/revisions\/1214"}],"wp:attachment":[{"href":"https:\/\/levrybalkin.com\/en\/wp-json\/wp\/v2\/media?parent=1147"}],"curies":[{"name":"wp","href":"https:\/\/api.w.org\/{rel}","templated":true}]}}